{"id":88,"date":"2025-05-21T14:55:17","date_gmt":"2025-05-21T12:55:17","guid":{"rendered":"https:\/\/fundacjaskrzydla.org\/?page_id=88"},"modified":"2025-05-27T12:45:05","modified_gmt":"2025-05-27T10:45:05","slug":"aktualnosci","status":"publish","type":"page","link":"https:\/\/fundacjaskrzydla.org\/?page_id=88","title":{"rendered":"AKTUALNO\u015aCI"},"content":{"rendered":"\n<div class=\"wp-block-query is-layout-flow wp-block-query-is-layout-flow\"><ul class=\"columns-3 wp-block-post-template is-layout-grid wp-container-core-post-template-is-layout-41213226 wp-block-post-template-is-layout-grid\"><li class=\"wp-block-post post-297 post type-post status-publish format-standard has-post-thumbnail hentry category-informacje\">\n\n<div class=\"wp-block-group is-layout-flow wp-block-group-is-layout-flow\" style=\"padding-top:30px;padding-right:30px;padding-bottom:30px;padding-left:30px\"><figure class=\"wp-block-post-featured-image\"><img loading=\"lazy\" decoding=\"async\" width=\"960\" height=\"421\" src=\"https:\/\/fundacjaskrzydla.org\/wp-content\/uploads\/2026\/01\/dni-otwarte-ALTUM.jpg\" class=\"attachment-post-thumbnail size-post-thumbnail wp-post-image\" alt=\"\" style=\"border-radius:60px;object-fit:cover;\" srcset=\"https:\/\/fundacjaskrzydla.org\/wp-content\/uploads\/2026\/01\/dni-otwarte-ALTUM.jpg 960w, https:\/\/fundacjaskrzydla.org\/wp-content\/uploads\/2026\/01\/dni-otwarte-ALTUM-300x132.jpg 300w, https:\/\/fundacjaskrzydla.org\/wp-content\/uploads\/2026\/01\/dni-otwarte-ALTUM-768x337.jpg 768w\" sizes=\"auto, (max-width: 960px) 100vw, 960px\" \/><\/figure>\n\n<h2 class=\"wp-block-post-title has-x-large-font-size\"><a href=\"https:\/\/fundacjaskrzydla.org\/?p=297\" target=\"_self\" >Dzie\u0144 Otwarty w LO ALTUM<\/a><\/h2>\n\n<div class=\"wp-block-post-excerpt\"><p class=\"wp-block-post-excerpt__excerpt\">Zastanawiasz si\u0119, jak\u0105 szko\u0142\u0119 \u015bredni\u0105 wybra\u0107?Chcesz pozna\u0107 atmosfer\u0119 szko\u0142y, porozmawia\u0107 z nauczycielami i uczniami oraz zobaczy\u0107, jak wygl\u0105da nauka w praktyce? Zapraszamy na&nbsp;Dni Otwarte w Liceum Og\u00f3lnokszta\u0142c\u0105cym ALTUM! Przyjd\u017a, zobacz i przekonaj si\u0119, czy ALTUM to szko\u0142a dla Ciebie! Szczeg\u00f3\u0142y na altum.lublin.pl<\/p><p class=\"wp-block-post-excerpt__more-text\"><a class=\"wp-block-post-excerpt__more-link\" href=\"https:\/\/fundacjaskrzydla.org\/?p=297\">Czytaj dalej -&gt;<\/a><\/p><\/div>\n\n<div class=\"wp-block-post-date\"><time datetime=\"2026-01-23T09:07:55+01:00\">23.01.2026<\/time><\/div><\/div>\n\n<\/li><li class=\"wp-block-post post-294 post type-post status-publish format-standard has-post-thumbnail hentry category-informacje\">\n\n<div class=\"wp-block-group is-layout-flow wp-block-group-is-layout-flow\" style=\"padding-top:30px;padding-right:30px;padding-bottom:30px;padding-left:30px\"><figure class=\"wp-block-post-featured-image\"><img loading=\"lazy\" decoding=\"async\" width=\"1200\" height=\"628\" src=\"https:\/\/fundacjaskrzydla.org\/wp-content\/uploads\/2026\/01\/zimowisko-w-szkole-Reklama-na-Facebooka.png\" class=\"attachment-post-thumbnail size-post-thumbnail wp-post-image\" alt=\"\" style=\"border-radius:60px;object-fit:cover;\" srcset=\"https:\/\/fundacjaskrzydla.org\/wp-content\/uploads\/2026\/01\/zimowisko-w-szkole-Reklama-na-Facebooka.png 1200w, https:\/\/fundacjaskrzydla.org\/wp-content\/uploads\/2026\/01\/zimowisko-w-szkole-Reklama-na-Facebooka-300x157.png 300w, https:\/\/fundacjaskrzydla.org\/wp-content\/uploads\/2026\/01\/zimowisko-w-szkole-Reklama-na-Facebooka-1024x536.png 1024w, https:\/\/fundacjaskrzydla.org\/wp-content\/uploads\/2026\/01\/zimowisko-w-szkole-Reklama-na-Facebooka-768x402.png 768w\" sizes=\"auto, (max-width: 1200px) 100vw, 1200px\" \/><\/figure>\n\n<h2 class=\"wp-block-post-title has-x-large-font-size\"><a href=\"https:\/\/fundacjaskrzydla.org\/?p=294\" target=\"_self\" >Skrzydlate ferie!<\/a><\/h2>\n\n<div class=\"wp-block-post-excerpt\"><p class=\"wp-block-post-excerpt__excerpt\">Serdecznie zapraszamy dzieci w wieku 6-12 lat na zimowe p\u00f3\u0142kolonie w Niepublicznej Szkole Podstawowej SKRZYD\u0141A w Lublinie: I termin: 16-20.02.2026II termin: 23-27.02.2026 Oferujemy moc atrakcji i \u015bwietnej zabawy w bezpiecznych warunkach, m.in.: Koszt ca\u0142kowity: 870 z\u0142 Zapewniamy opiek\u0119 w godzinach 7:45-16:00; obiad i podwieczorek w cenie&nbsp; Realizacja zaj\u0119\u0107 w Niepublicznej Szkole Podstawowej Skrzyd\u0142a ul. Jutrzenki<\/p><p class=\"wp-block-post-excerpt__more-text\"><a class=\"wp-block-post-excerpt__more-link\" href=\"https:\/\/fundacjaskrzydla.org\/?p=294\">Czytaj dalej -&gt;<\/a><\/p><\/div>\n\n<div class=\"wp-block-post-date\"><time datetime=\"2026-01-23T08:23:15+01:00\">23.01.2026<\/time><\/div><\/div>\n\n<\/li><li class=\"wp-block-post post-289 post type-post status-publish format-standard has-post-thumbnail hentry category-informacje\">\n\n<div class=\"wp-block-group is-layout-flow wp-block-group-is-layout-flow\" style=\"padding-top:30px;padding-right:30px;padding-bottom:30px;padding-left:30px\"><figure class=\"wp-block-post-featured-image\"><img loading=\"lazy\" decoding=\"async\" width=\"2083\" height=\"2083\" src=\"https:\/\/fundacjaskrzydla.org\/wp-content\/uploads\/2025\/10\/Teachers-Haven_Logo-1.jpg\" class=\"attachment-post-thumbnail size-post-thumbnail wp-post-image\" alt=\"\" style=\"border-radius:60px;object-fit:cover;\" srcset=\"https:\/\/fundacjaskrzydla.org\/wp-content\/uploads\/2025\/10\/Teachers-Haven_Logo-1.jpg 2083w, https:\/\/fundacjaskrzydla.org\/wp-content\/uploads\/2025\/10\/Teachers-Haven_Logo-1-300x300.jpg 300w, https:\/\/fundacjaskrzydla.org\/wp-content\/uploads\/2025\/10\/Teachers-Haven_Logo-1-1024x1024.jpg 1024w, https:\/\/fundacjaskrzydla.org\/wp-content\/uploads\/2025\/10\/Teachers-Haven_Logo-1-150x150.jpg 150w, https:\/\/fundacjaskrzydla.org\/wp-content\/uploads\/2025\/10\/Teachers-Haven_Logo-1-768x768.jpg 768w, https:\/\/fundacjaskrzydla.org\/wp-content\/uploads\/2025\/10\/Teachers-Haven_Logo-1-1536x1536.jpg 1536w, https:\/\/fundacjaskrzydla.org\/wp-content\/uploads\/2025\/10\/Teachers-Haven_Logo-1-2048x2048.jpg 2048w\" sizes=\"auto, (max-width: 2083px) 100vw, 2083px\" \/><\/figure>\n\n<h2 class=\"wp-block-post-title has-x-large-font-size\"><a href=\"https:\/\/fundacjaskrzydla.org\/?p=289\" target=\"_self\" >Teachers HAVEN &#8211; raport z dzia\u0142a\u0144<\/a><\/h2>\n\n<div class=\"wp-block-post-excerpt\"><p class=\"wp-block-post-excerpt__excerpt\">Projekt Teachers\u2019 HAVEN! Prowadzona przez Fundacj\u0119 Niepubliczna Szko\u0142a Podstawowa Skrzyd\u0142a, bierze udzia\u0142 w projekcie Teachers\u2019 HAVEN , kt\u00f3rego g\u0142\u00f3wnym za\u0142o\u017ceniem jest wypracowanie form wsparcia dla Nauczycieli. Wsparcie wypracowane w trakcie trwania projektu, ma koncertowa\u0107 si\u0119 wok\u00f3\u0142 takich temat\u00f3w jak: wypalenie zawodowe, poczucie wewn\u0119trznej sprawczo\u015bci, umiej\u0119tno\u015b\u0107 zarz\u0105dzania klas\u0105. Obecnie zosta\u0142y zako\u0144czone badania ankietowe, grupy fokusowe, wywiady<\/p><p class=\"wp-block-post-excerpt__more-text\"><a class=\"wp-block-post-excerpt__more-link\" href=\"https:\/\/fundacjaskrzydla.org\/?p=289\">Czytaj dalej -&gt;<\/a><\/p><\/div>\n\n<div class=\"wp-block-post-date\"><time datetime=\"2025-11-27T12:48:33+01:00\">27.11.2025<\/time><\/div><\/div>\n\n<\/li><li class=\"wp-block-post post-282 post type-post status-publish format-standard has-post-thumbnail hentry category-informacje\">\n\n<div class=\"wp-block-group is-layout-flow wp-block-group-is-layout-flow\" style=\"padding-top:30px;padding-right:30px;padding-bottom:30px;padding-left:30px\"><figure class=\"wp-block-post-featured-image\"><img loading=\"lazy\" decoding=\"async\" width=\"2083\" height=\"2083\" src=\"https:\/\/fundacjaskrzydla.org\/wp-content\/uploads\/2025\/10\/Teachers-Haven_Logo-1.jpg\" class=\"attachment-post-thumbnail size-post-thumbnail wp-post-image\" alt=\"\" style=\"border-radius:60px;object-fit:cover;\" srcset=\"https:\/\/fundacjaskrzydla.org\/wp-content\/uploads\/2025\/10\/Teachers-Haven_Logo-1.jpg 2083w, https:\/\/fundacjaskrzydla.org\/wp-content\/uploads\/2025\/10\/Teachers-Haven_Logo-1-300x300.jpg 300w, https:\/\/fundacjaskrzydla.org\/wp-content\/uploads\/2025\/10\/Teachers-Haven_Logo-1-1024x1024.jpg 1024w, https:\/\/fundacjaskrzydla.org\/wp-content\/uploads\/2025\/10\/Teachers-Haven_Logo-1-150x150.jpg 150w, https:\/\/fundacjaskrzydla.org\/wp-content\/uploads\/2025\/10\/Teachers-Haven_Logo-1-768x768.jpg 768w, https:\/\/fundacjaskrzydla.org\/wp-content\/uploads\/2025\/10\/Teachers-Haven_Logo-1-1536x1536.jpg 1536w, https:\/\/fundacjaskrzydla.org\/wp-content\/uploads\/2025\/10\/Teachers-Haven_Logo-1-2048x2048.jpg 2048w\" sizes=\"auto, (max-width: 2083px) 100vw, 2083px\" \/><\/figure>\n\n<h2 class=\"wp-block-post-title has-x-large-font-size\"><a href=\"https:\/\/fundacjaskrzydla.org\/?p=282\" target=\"_self\" >Teachers HAVEN Academy<\/a><\/h2>\n\n<div class=\"wp-block-post-excerpt\"><p class=\"wp-block-post-excerpt__excerpt\">Teachers HAVEN Academy to mi\u0119dzynarodowy projekt partnerski, kt\u00f3rego g\u0142\u00f3wnym celem jest wsparcie nauczycieli w rozwijaniu kompetencji psychospo\u0142ecznych, budowaniu odporno\u015bci i dobrostanu zawodowego oraz podnoszeniu jako\u015bci edukacji poprzez innowacyjne programy szkoleniowe i wymian\u0119 dobrych praktyk. Niepubliczna Szko\u0142a Podstawowa Skrzyd\u0142a jest partnerem projektu. Szczeg\u00f3\u0142y na\u00a0teachers.learniqhub.eu\/<\/p><p class=\"wp-block-post-excerpt__more-text\"><a class=\"wp-block-post-excerpt__more-link\" href=\"https:\/\/fundacjaskrzydla.org\/?p=282\">Czytaj dalej -&gt;<\/a><\/p><\/div>\n\n<div class=\"wp-block-post-date\"><time datetime=\"2025-10-10T08:30:52+02:00\">10.10.2025<\/time><\/div><\/div>\n\n<\/li><li class=\"wp-block-post post-41 post type-post status-publish format-standard has-post-thumbnail hentry category-informacje\">\n\n<div class=\"wp-block-group is-layout-flow wp-block-group-is-layout-flow\" style=\"padding-top:30px;padding-right:30px;padding-bottom:30px;padding-left:30px\"><figure class=\"wp-block-post-featured-image\"><img loading=\"lazy\" decoding=\"async\" width=\"9195\" height=\"5230\" src=\"https:\/\/fundacjaskrzydla.org\/wp-content\/uploads\/2024\/12\/dzieci-z-ksiazkami.jpg\" class=\"attachment-post-thumbnail size-post-thumbnail wp-post-image\" alt=\"\" style=\"border-radius:60px;object-fit:cover;\" srcset=\"https:\/\/fundacjaskrzydla.org\/wp-content\/uploads\/2024\/12\/dzieci-z-ksiazkami.jpg 9195w, https:\/\/fundacjaskrzydla.org\/wp-content\/uploads\/2024\/12\/dzieci-z-ksiazkami-300x171.jpg 300w, https:\/\/fundacjaskrzydla.org\/wp-content\/uploads\/2024\/12\/dzieci-z-ksiazkami-1024x582.jpg 1024w, https:\/\/fundacjaskrzydla.org\/wp-content\/uploads\/2024\/12\/dzieci-z-ksiazkami-768x437.jpg 768w, https:\/\/fundacjaskrzydla.org\/wp-content\/uploads\/2024\/12\/dzieci-z-ksiazkami-1536x874.jpg 1536w\" sizes=\"auto, (max-width: 9195px) 100vw, 9195px\" \/><\/figure>\n\n<h2 class=\"wp-block-post-title has-x-large-font-size\"><a href=\"https:\/\/fundacjaskrzydla.org\/?p=41\" target=\"_self\" >Trwa uzupe\u0142niaj\u0105ca rekrutacja do klas pierwszych LO ALTUM<\/a><\/h2>\n\n<div class=\"wp-block-post-excerpt\"><p class=\"wp-block-post-excerpt__excerpt\">Je\u015bli chcesz do\u0142\u0105czy\u0107 do naszej spo\u0142eczno\u015bci&nbsp;wype\u0142nij&nbsp;zamieszczony ni\u017cej&nbsp;formularz. Szczeg\u00f3\u0142y dotycz\u0105ce rekrutacji otrzymasz na wskazany w zg\u0142oszeniu adres email. Op\u0142aty w roku szkolnym 2025\/2026: \u2013 rekrutacyjna: 300 z\u0142 \u2013 wpisowe: 1250 z\u0142 (w terminie 7 dni po podpisaniu umowy) \u2013 czesne: 1300 z\u0142\/m-c (p\u0142atne przez 12 miesi\u0119cy) Zapraszamy do szko\u0142y dla ciekawych \u015bwiata, gdzie relacja i edukacja<\/p><p class=\"wp-block-post-excerpt__more-text\"><a class=\"wp-block-post-excerpt__more-link\" href=\"https:\/\/fundacjaskrzydla.org\/?p=41\">Czytaj dalej -&gt;<\/a><\/p><\/div>\n\n<div class=\"wp-block-post-date\"><time datetime=\"2025-05-19T13:42:02+02:00\">19.05.2025<\/time><\/div><\/div>\n\n<\/li><li class=\"wp-block-post post-40 post type-post status-publish format-standard has-post-thumbnail hentry category-informacje\">\n\n<div class=\"wp-block-group is-layout-flow wp-block-group-is-layout-flow\" style=\"padding-top:30px;padding-right:30px;padding-bottom:30px;padding-left:30px\"><figure class=\"wp-block-post-featured-image\"><img loading=\"lazy\" decoding=\"async\" width=\"1008\" height=\"756\" src=\"https:\/\/fundacjaskrzydla.org\/wp-content\/uploads\/2025\/05\/499930999_1238996771567794_5878926284380832517_n.jpg\" class=\"attachment-post-thumbnail size-post-thumbnail wp-post-image\" alt=\"\" style=\"border-radius:60px;object-fit:cover;\" srcset=\"https:\/\/fundacjaskrzydla.org\/wp-content\/uploads\/2025\/05\/499930999_1238996771567794_5878926284380832517_n.jpg 1008w, https:\/\/fundacjaskrzydla.org\/wp-content\/uploads\/2025\/05\/499930999_1238996771567794_5878926284380832517_n-300x225.jpg 300w, https:\/\/fundacjaskrzydla.org\/wp-content\/uploads\/2025\/05\/499930999_1238996771567794_5878926284380832517_n-768x576.jpg 768w\" sizes=\"auto, (max-width: 1008px) 100vw, 1008px\" \/><\/figure>\n\n<h2 class=\"wp-block-post-title has-x-large-font-size\"><a href=\"https:\/\/fundacjaskrzydla.org\/?p=40\" target=\"_self\" >Welcome to Chicago!<\/a><\/h2>\n\n<div class=\"wp-block-post-excerpt\"><p class=\"wp-block-post-excerpt__excerpt\">Dwie grupy skrzydlatych Odyseuszy dotar\u0142y ju\u017c do Ameryki! Dwa pierwsze dni sp\u0119dzili\u015bmy spaceruj\u0105c po pochmurnym Chicago i zajadaj\u0105c si\u0119 Ameryka\u0144skimi fast foodami. Przed nami najwa\u017cniejszy punkt programu, udzia\u0142 w pi\u0119ciodniowym mi\u0119dzynarodowym finale Odyssey of the Mind HQ. Trzymajcie za nas kciuki!<\/p><p class=\"wp-block-post-excerpt__more-text\"><a class=\"wp-block-post-excerpt__more-link\" href=\"https:\/\/fundacjaskrzydla.org\/?p=40\">Czytaj dalej -&gt;<\/a><\/p><\/div>\n\n<div class=\"wp-block-post-date\"><time datetime=\"2025-05-19T13:41:47+02:00\">19.05.2025<\/time><\/div><\/div>\n\n<\/li><li class=\"wp-block-post post-34 post type-post status-publish format-standard has-post-thumbnail hentry category-informacje\">\n\n<div class=\"wp-block-group is-layout-flow wp-block-group-is-layout-flow\" style=\"padding-top:30px;padding-right:30px;padding-bottom:30px;padding-left:30px\"><figure class=\"wp-block-post-featured-image\"><img loading=\"lazy\" decoding=\"async\" width=\"870\" height=\"400\" src=\"https:\/\/fundacjaskrzydla.org\/wp-content\/uploads\/2025\/05\/Bluszcz2-870x400-1.jpg\" class=\"attachment-post-thumbnail size-post-thumbnail wp-post-image\" alt=\"\" style=\"border-radius:60px;object-fit:cover;\" srcset=\"https:\/\/fundacjaskrzydla.org\/wp-content\/uploads\/2025\/05\/Bluszcz2-870x400-1.jpg 870w, https:\/\/fundacjaskrzydla.org\/wp-content\/uploads\/2025\/05\/Bluszcz2-870x400-1-300x138.jpg 300w, https:\/\/fundacjaskrzydla.org\/wp-content\/uploads\/2025\/05\/Bluszcz2-870x400-1-768x353.jpg 768w\" sizes=\"auto, (max-width: 870px) 100vw, 870px\" \/><\/figure>\n\n<h2 class=\"wp-block-post-title has-x-large-font-size\"><a href=\"https:\/\/fundacjaskrzydla.org\/?p=34\" target=\"_self\" >Sadzimy bluszcz!<\/a><\/h2>\n\n<div class=\"wp-block-post-excerpt\"><p class=\"wp-block-post-excerpt__excerpt\">Zielona misja \u2013 zadanie wykonane!\u00a0 Bluszcz posadzony&nbsp;. Zielonym do g\u00f3ry!&nbsp; Wielkie dzi\u0119ki dla&nbsp;Centrum Ogrodnicze PNOS Lublin&nbsp;za przekazanie sadzonek oraz ukwiecenie rabat przed szko\u0142\u0105!&nbsp;<\/p><p class=\"wp-block-post-excerpt__more-text\"><a class=\"wp-block-post-excerpt__more-link\" href=\"https:\/\/fundacjaskrzydla.org\/?p=34\">Czytaj dalej -&gt;<\/a><\/p><\/div>\n\n<div class=\"wp-block-post-date\"><time datetime=\"2025-05-19T13:39:43+02:00\">19.05.2025<\/time><\/div><\/div>\n\n<\/li><\/ul><\/div>\n","protected":false},"excerpt":{"rendered":"","protected":false},"author":1,"featured_media":0,"parent":0,"menu_order":0,"comment_status":"closed","ping_status":"closed","template":"","meta":{"footnotes":""},"class_list":["post-88","page","type-page","status-publish","hentry"],"yoast_head":"<!-- This site is optimized with the Yoast SEO plugin v26.3 - https:\/\/yoast.com\/wordpress\/plugins\/seo\/ -->\n<title>AKTUALNO\u015aCI - Fundacja Skrzyd\u0142a dla Edukacji<\/title>\n<meta name=\"robots\" content=\"index, follow, max-snippet:-1, max-image-preview:large, max-video-preview:-1\" \/>\n<link rel=\"canonical\" href=\"https:\/\/fundacjaskrzydla.org\/?page_id=88\" \/>\n<meta property=\"og:locale\" content=\"pl_PL\" \/>\n<meta property=\"og:type\" content=\"article\" \/>\n<meta property=\"og:title\" content=\"AKTUALNO\u015aCI - Fundacja Skrzyd\u0142a dla Edukacji\" \/>\n<meta property=\"og:url\" content=\"https:\/\/fundacjaskrzydla.org\/?page_id=88\" \/>\n<meta property=\"og:site_name\" content=\"Fundacja Skrzyd\u0142a dla Edukacji\" \/>\n<meta property=\"article:modified_time\" content=\"2025-05-27T10:45:05+00:00\" \/>\n<meta name=\"twitter:card\" content=\"summary_large_image\" \/>\n<script type=\"application\/ld+json\" class=\"yoast-schema-graph\">{\"@context\":\"https:\/\/schema.org\",\"@graph\":[{\"@type\":\"WebPage\",\"@id\":\"https:\/\/fundacjaskrzydla.org\/?page_id=88\",\"url\":\"https:\/\/fundacjaskrzydla.org\/?page_id=88\",\"name\":\"AKTUALNO\u015aCI - Fundacja Skrzyd\u0142a dla Edukacji\",\"isPartOf\":{\"@id\":\"https:\/\/fundacjaskrzydla.org\/#website\"},\"datePublished\":\"2025-05-21T12:55:17+00:00\",\"dateModified\":\"2025-05-27T10:45:05+00:00\",\"breadcrumb\":{\"@id\":\"https:\/\/fundacjaskrzydla.org\/?page_id=88#breadcrumb\"},\"inLanguage\":\"pl-PL\",\"potentialAction\":[{\"@type\":\"ReadAction\",\"target\":[\"https:\/\/fundacjaskrzydla.org\/?page_id=88\"]}]},{\"@type\":\"BreadcrumbList\",\"@id\":\"https:\/\/fundacjaskrzydla.org\/?page_id=88#breadcrumb\",\"itemListElement\":[{\"@type\":\"ListItem\",\"position\":1,\"name\":\"Strona g\u0142\u00f3wna\",\"item\":\"https:\/\/fundacjaskrzydla.org\/\"},{\"@type\":\"ListItem\",\"position\":2,\"name\":\"AKTUALNO\u015aCI\"}]},{\"@type\":\"WebSite\",\"@id\":\"https:\/\/fundacjaskrzydla.org\/#website\",\"url\":\"https:\/\/fundacjaskrzydla.org\/\",\"name\":\"Fundacja Skrzyd\u0142a dla Edukacji\",\"description\":\"\",\"publisher\":{\"@id\":\"https:\/\/fundacjaskrzydla.org\/#organization\"},\"potentialAction\":[{\"@type\":\"SearchAction\",\"target\":{\"@type\":\"EntryPoint\",\"urlTemplate\":\"https:\/\/fundacjaskrzydla.org\/?s={search_term_string}\"},\"query-input\":{\"@type\":\"PropertyValueSpecification\",\"valueRequired\":true,\"valueName\":\"search_term_string\"}}],\"inLanguage\":\"pl-PL\"},{\"@type\":\"Organization\",\"@id\":\"https:\/\/fundacjaskrzydla.org\/#organization\",\"name\":\"Fundacja Skrzyd\u0142a dla Edukacji\",\"url\":\"https:\/\/fundacjaskrzydla.org\/\",\"logo\":{\"@type\":\"ImageObject\",\"inLanguage\":\"pl-PL\",\"@id\":\"https:\/\/fundacjaskrzydla.org\/#\/schema\/logo\/image\/\",\"url\":\"https:\/\/fundacjaskrzydla.org\/wp-content\/uploads\/2025\/05\/01-Skrzydla-Fundacja-logo-09-1-edited-1.png\",\"contentUrl\":\"https:\/\/fundacjaskrzydla.org\/wp-content\/uploads\/2025\/05\/01-Skrzydla-Fundacja-logo-09-1-edited-1.png\",\"width\":883,\"height\":392,\"caption\":\"Fundacja Skrzyd\u0142a dla Edukacji\"},\"image\":{\"@id\":\"https:\/\/fundacjaskrzydla.org\/#\/schema\/logo\/image\/\"}}]}<\/script>\n<!-- \/ Yoast SEO plugin. -->","yoast_head_json":{"title":"AKTUALNO\u015aCI - Fundacja Skrzyd\u0142a dla Edukacji","robots":{"index":"index","follow":"follow","max-snippet":"max-snippet:-1","max-image-preview":"max-image-preview:large","max-video-preview":"max-video-preview:-1"},"canonical":"https:\/\/fundacjaskrzydla.org\/?page_id=88","og_locale":"pl_PL","og_type":"article","og_title":"AKTUALNO\u015aCI - Fundacja Skrzyd\u0142a dla Edukacji","og_url":"https:\/\/fundacjaskrzydla.org\/?page_id=88","og_site_name":"Fundacja Skrzyd\u0142a dla Edukacji","article_modified_time":"2025-05-27T10:45:05+00:00","twitter_card":"summary_large_image","schema":{"@context":"https:\/\/schema.org","@graph":[{"@type":"WebPage","@id":"https:\/\/fundacjaskrzydla.org\/?page_id=88","url":"https:\/\/fundacjaskrzydla.org\/?page_id=88","name":"AKTUALNO\u015aCI - Fundacja Skrzyd\u0142a dla Edukacji","isPartOf":{"@id":"https:\/\/fundacjaskrzydla.org\/#website"},"datePublished":"2025-05-21T12:55:17+00:00","dateModified":"2025-05-27T10:45:05+00:00","breadcrumb":{"@id":"https:\/\/fundacjaskrzydla.org\/?page_id=88#breadcrumb"},"inLanguage":"pl-PL","potentialAction":[{"@type":"ReadAction","target":["https:\/\/fundacjaskrzydla.org\/?page_id=88"]}]},{"@type":"BreadcrumbList","@id":"https:\/\/fundacjaskrzydla.org\/?page_id=88#breadcrumb","itemListElement":[{"@type":"ListItem","position":1,"name":"Strona g\u0142\u00f3wna","item":"https:\/\/fundacjaskrzydla.org\/"},{"@type":"ListItem","position":2,"name":"AKTUALNO\u015aCI"}]},{"@type":"WebSite","@id":"https:\/\/fundacjaskrzydla.org\/#website","url":"https:\/\/fundacjaskrzydla.org\/","name":"Fundacja Skrzyd\u0142a dla Edukacji","description":"","publisher":{"@id":"https:\/\/fundacjaskrzydla.org\/#organization"},"potentialAction":[{"@type":"SearchAction","target":{"@type":"EntryPoint","urlTemplate":"https:\/\/fundacjaskrzydla.org\/?s={search_term_string}"},"query-input":{"@type":"PropertyValueSpecification","valueRequired":true,"valueName":"search_term_string"}}],"inLanguage":"pl-PL"},{"@type":"Organization","@id":"https:\/\/fundacjaskrzydla.org\/#organization","name":"Fundacja Skrzyd\u0142a dla Edukacji","url":"https:\/\/fundacjaskrzydla.org\/","logo":{"@type":"ImageObject","inLanguage":"pl-PL","@id":"https:\/\/fundacjaskrzydla.org\/#\/schema\/logo\/image\/","url":"https:\/\/fundacjaskrzydla.org\/wp-content\/uploads\/2025\/05\/01-Skrzydla-Fundacja-logo-09-1-edited-1.png","contentUrl":"https:\/\/fundacjaskrzydla.org\/wp-content\/uploads\/2025\/05\/01-Skrzydla-Fundacja-logo-09-1-edited-1.png","width":883,"height":392,"caption":"Fundacja Skrzyd\u0142a dla Edukacji"},"image":{"@id":"https:\/\/fundacjaskrzydla.org\/#\/schema\/logo\/image\/"}}]}},"_links":{"self":[{"href":"https:\/\/fundacjaskrzydla.org\/index.php?rest_route=\/wp\/v2\/pages\/88","targetHints":{"allow":["GET"]}}],"collection":[{"href":"https:\/\/fundacjaskrzydla.org\/index.php?rest_route=\/wp\/v2\/pages"}],"about":[{"href":"https:\/\/fundacjaskrzydla.org\/index.php?rest_route=\/wp\/v2\/types\/page"}],"author":[{"embeddable":true,"href":"https:\/\/fundacjaskrzydla.org\/index.php?rest_route=\/wp\/v2\/users\/1"}],"replies":[{"embeddable":true,"href":"https:\/\/fundacjaskrzydla.org\/index.php?rest_route=%2Fwp%2Fv2%2Fcomments&post=88"}],"version-history":[{"count":6,"href":"https:\/\/fundacjaskrzydla.org\/index.php?rest_route=\/wp\/v2\/pages\/88\/revisions"}],"predecessor-version":[{"id":247,"href":"https:\/\/fundacjaskrzydla.org\/index.php?rest_route=\/wp\/v2\/pages\/88\/revisions\/247"}],"wp:attachment":[{"href":"https:\/\/fundacjaskrzydla.org\/index.php?rest_route=%2Fwp%2Fv2%2Fmedia&parent=88"}],"curies":[{"name":"wp","href":"https:\/\/api.w.org\/{rel}","templated":true}]}}