{"id":54,"date":"2025-05-19T13:50:37","date_gmt":"2025-05-19T11:50:37","guid":{"rendered":"https:\/\/fundacjaskrzydla.org\/?page_id=54"},"modified":"2026-04-01T10:43:12","modified_gmt":"2026-04-01T08:43:12","slug":"o-nas","status":"publish","type":"page","link":"https:\/\/fundacjaskrzydla.org\/?page_id=54","title":{"rendered":"O NAS"},"content":{"rendered":"\n<div class=\"wp-block-group has-transparent-background-color has-background is-content-justification-center is-nowrap is-layout-flex wp-container-core-group-is-layout-23441af8 wp-block-group-is-layout-flex\">\n<div class=\"wp-block-buttons is-content-justification-center is-layout-flex wp-container-core-buttons-is-layout-a89b3969 wp-block-buttons-is-layout-flex\">\n<div class=\"wp-block-button is-style-fill\"><a class=\"wp-block-button__link wp-element-button\" href=\"#kim\">Kim jeste\u015bmy?<\/a><\/div>\n\n\n\n<div class=\"wp-block-button\"><a class=\"wp-block-button__link wp-element-button\" href=\"#misja\">Misja<\/a><\/div>\n\n\n\n<div class=\"wp-block-button\"><a class=\"wp-block-button__link wp-element-button\" href=\"#wartosci\">Warto\u015bci<\/a><\/div>\n\n\n\n<div class=\"wp-block-button\"><a class=\"wp-block-button__link wp-element-button\" href=\"#cele\">Cele strategiczne<\/a><\/div>\n\n\n\n<div class=\"wp-block-button\"><a class=\"wp-block-button__link wp-element-button\" href=\"#wladze\">W\u0142adze<\/a><\/div>\n\n\n\n<div class=\"wp-block-button\"><a class=\"wp-block-button__link has-text-align-center wp-element-button\" href=\"#statut\">Statut<\/a><\/div>\n<\/div>\n<\/div>\n\n\n\n<div style=\"height:100px\" aria-hidden=\"true\" class=\"wp-block-spacer\"><\/div>\n\n\n\n<h2 class=\"wp-block-heading\" id=\"kim\">Kim jeste\u015bmy?<\/h2>\n\n\n\n<p>Fundacja Skrzyd\u0142a dla Edukacji powo\u0142ana zosta\u0142a w maju 2010 r. przez grup\u0119 sze\u015bciu ma\u0142\u017ce\u0144stw chc\u0105cych stworzy\u0107&nbsp;<strong>przyjazne \u015brodowisko do wzrastania dla dzieci i ca\u0142ych rodzin<\/strong>.&nbsp;<\/p>\n\n\n\n<p>Podstawowym zadaniem fundacji jest wsparcie rodzic\u00f3w w edukacji i wychowaniu dzieci i m\u0142odzie\u017cy. Cel ten realizujemy prowadz\u0105c Szko\u0142\u0119 Podstawow\u0105, Liceum Og\u00f3lnokszta\u0142c\u0105ce oraz Poradni\u0119 Psychologiczno-Pedagogiczn\u0105 SKRZYD\u0141A. Corocznie organizujemy r\u00f3wnie\u017c atrakcyjny wypoczynek wakacyjny i zimowy \u201cSkrzydlate Wakacje\u201d. Prowadzimy liczne szkolenia wspieraj\u0105ce rodzicielstwo oraz rozw\u00f3j zawodowy specjalist\u00f3w (psycholog\u00f3w i pedagog\u00f3w).<\/p>\n\n\n\n<p>Wszystkie te dzia\u0142ania okre\u015blili\u015bmy jako&nbsp;&nbsp;<strong>Projekt SKRZYD\u0141A<\/strong>. Projekt ten ma charakter otwarty, zapraszamy wi\u0119c do udzia\u0142u w nim wszystkich zainteresowanych.<\/p>\n\n\n\n<h2 class=\"wp-block-heading\" id=\"misja\">Misja<\/h2>\n\n\n\n<p>Nasz\u0105 misj\u0105 jest \u017cycie w pe\u0142ni, kt\u00f3re rozumiemy jako s\u0142u\u017cb\u0119 drugiemu cz\u0142owiekowi w odkrywaniu i rozwoju talent\u00f3w, pasji i powo\u0142ania. Chcemy zapewni\u0107 warunki do tworzenia, ci\u0105g\u0142o\u015bci i bezpiecze\u0144stwa dzie\u0142 s\u0142u\u017c\u0105cych wychowaniu i edukacji przysz\u0142ych pokole\u0144 w zgodzie z chrze\u015bcija\u0144sk\u0105 wizj\u0105 osoby ludzkiej. Zgodnie bierzemy odpowiedzialno\u015b\u0107 za codzienne wype\u0142nianie naszej misji.&nbsp;&nbsp;<\/p>\n\n\n\n<h2 class=\"wp-block-heading\" id=\"wartosci\">Warto\u015bci<\/h2>\n\n\n\n<p>Powy\u017csz\u0105 misj\u0119 b\u0119dziemy realizowa\u0107 ze szczeg\u00f3lnym uwzgl\u0119dnieniem nast\u0119puj\u0105cych warto\u015bci:&nbsp;&nbsp;<\/p>\n\n\n\n<ul class=\"wp-block-list\">\n<li>wychowanie w oparciu o warto\u015bci chrze\u015bcija\u0144skie w postrzeganiu osoby i rodziny;&nbsp;&nbsp;<\/li>\n\n\n\n<li>ciekawo\u015b\u0107 \u015bwiata i cz\u0142owieka;&nbsp;&nbsp;<\/li>\n\n\n\n<li>wsp\u00f3\u0142praca w kszta\u0142towaniu samodzielno\u015bci, sprawczo\u015bci i odpowiedzialno\u015bci;&nbsp;&nbsp;<\/li>\n\n\n\n<li>umiej\u0119tno\u015b\u0107 budowania relacji opartych o prawd\u0119 i dobro;&nbsp;&nbsp;<\/li>\n\n\n\n<li>dostrzeganie mocnych stron i przyjmowanie s\u0142abych;&nbsp;&nbsp;<\/li>\n\n\n\n<li>wytrwa\u0142o\u015b\u0107 w pokonywaniu trudno\u015bci;&nbsp;&nbsp;<\/li>\n\n\n\n<li>s\u0142u\u017cba drugiemu cz\u0142owiekowi; &#8211; tw\u00f3rczo\u015b\u0107 i krytyczne my\u015blenie;&nbsp;&nbsp;<\/li>\n\n\n\n<li>dobry poziom edukacyjny;&nbsp;&nbsp;<\/li>\n\n\n\n<li>zdrowy styl \u017cycia.&nbsp;<\/li>\n<\/ul>\n\n\n\n<h2 class=\"wp-block-heading\" id=\"cele\">Cele strategiczne<\/h2>\n\n\n\n<p>1. Rozwijanie innowacyjnych inicjatyw edukacyjno-wychowawczych z poszanowaniem warto\u015bci zgodnych z chrze\u015bcija\u0144sk\u0105 wizj\u0105 osoby ludzkiej.&nbsp;<\/p>\n\n\n\n<p>2. Budowanie \u015brodowiska wok\u00f3\u0142 projekt\u00f3w Fundacji gromadz\u0105cych ludzi, dla kt\u00f3rych nasze warto\u015bci, cele i inicjatywy s\u0105 wa\u017cne.&nbsp;&nbsp;<\/p>\n\n\n\n<p>3. Zapewnienie bezpiecze\u0144stwa infrastrukturalnego, finansowego i kadrowego dla funkcjonowania i rozwoju projekt\u00f3w realizowanych przez Fundacj\u0119.<\/p>\n\n\n\n<h2 class=\"wp-block-heading\" id=\"wladze\">W\u0142adze<\/h2>\n\n\n\n<p>Zarz\u0105d Fundacji<\/p>\n\n\n\n<ul class=\"wp-block-list\">\n<li>Tomasz Biedacha &nbsp;&#8211; prezes zarz\u0105du<\/li>\n\n\n\n<li>Ma\u0142gorzata Wy\u017clic &#8211; cz\u0142onek zarz\u0105du<\/li>\n\n\n\n<li>Andrzej Goliszek &#8211; cz\u0142onek zarz\u0105du<\/li>\n<\/ul>\n\n\n\n<h2 class=\"wp-block-heading\" id=\"statut\">Dokumenty<\/h2>\n\n\n\n<p class=\"wp-elements-dd30c4dfbde13f3d422c7c027356f0b4\" style=\"border-style:none;border-width:0px;border-top-left-radius:16px;border-top-right-radius:16px;border-bottom-left-radius:15px;border-bottom-right-radius:16px;margin-top:0;margin-right:var(--wp--preset--spacing--medium);margin-bottom:0;margin-left:var(--wp--preset--spacing--medium)\">&#8211; <a href=\"https:\/\/fundacjaskrzydla.org\/wp-content\/uploads\/2026\/04\/Statut-fundacji-obowiazujacy-od-14.03.2025.pdf\">statut Fundacji<\/a><\/p>\n","protected":false},"excerpt":{"rendered":"<p>Kim jeste\u015bmy? Fundacja Skrzyd\u0142a dla Edukacji powo\u0142ana zosta\u0142a w maju 2010 r. przez grup\u0119 sze\u015bciu ma\u0142\u017ce\u0144stw chc\u0105cych stworzy\u0107&nbsp;przyjazne \u015brodowisko do wzrastania dla dzieci i ca\u0142ych rodzin.&nbsp; Podstawowym zadaniem fundacji jest wsparcie rodzic\u00f3w w edukacji i wychowaniu dzieci i m\u0142odzie\u017cy. Cel ten realizujemy prowadz\u0105c Szko\u0142\u0119 Podstawow\u0105, Liceum Og\u00f3lnokszta\u0142c\u0105ce oraz Poradni\u0119 Psychologiczno-Pedagogiczn\u0105 SKRZYD\u0141A. Corocznie organizujemy r\u00f3wnie\u017c atrakcyjny [&hellip;]<\/p>\n","protected":false},"author":1,"featured_media":0,"parent":0,"menu_order":0,"comment_status":"closed","ping_status":"closed","template":"","meta":{"footnotes":""},"class_list":["post-54","page","type-page","status-publish","hentry"],"yoast_head":"<!-- This site is optimized with the Yoast SEO plugin v26.3 - https:\/\/yoast.com\/wordpress\/plugins\/seo\/ -->\n<title>O NAS - Fundacja Skrzyd\u0142a dla Edukacji<\/title>\n<meta name=\"robots\" content=\"index, follow, max-snippet:-1, max-image-preview:large, max-video-preview:-1\" \/>\n<link rel=\"canonical\" href=\"https:\/\/fundacjaskrzydla.org\/?page_id=54\" \/>\n<meta property=\"og:locale\" content=\"pl_PL\" \/>\n<meta property=\"og:type\" content=\"article\" \/>\n<meta property=\"og:title\" content=\"O NAS - Fundacja Skrzyd\u0142a dla Edukacji\" \/>\n<meta property=\"og:description\" content=\"Kim jeste\u015bmy? Fundacja Skrzyd\u0142a dla Edukacji powo\u0142ana zosta\u0142a w maju 2010 r. przez grup\u0119 sze\u015bciu ma\u0142\u017ce\u0144stw chc\u0105cych stworzy\u0107&nbsp;przyjazne \u015brodowisko do wzrastania dla dzieci i ca\u0142ych rodzin.&nbsp; Podstawowym zadaniem fundacji jest wsparcie rodzic\u00f3w w edukacji i wychowaniu dzieci i m\u0142odzie\u017cy. Cel ten realizujemy prowadz\u0105c Szko\u0142\u0119 Podstawow\u0105, Liceum Og\u00f3lnokszta\u0142c\u0105ce oraz Poradni\u0119 Psychologiczno-Pedagogiczn\u0105 SKRZYD\u0141A. Corocznie organizujemy r\u00f3wnie\u017c atrakcyjny [&hellip;]\" \/>\n<meta property=\"og:url\" content=\"https:\/\/fundacjaskrzydla.org\/?page_id=54\" \/>\n<meta property=\"og:site_name\" content=\"Fundacja Skrzyd\u0142a dla Edukacji\" \/>\n<meta property=\"article:modified_time\" content=\"2026-04-01T08:43:12+00:00\" \/>\n<meta name=\"twitter:card\" content=\"summary_large_image\" \/>\n<meta name=\"twitter:label1\" content=\"Szacowany czas czytania\" \/>\n\t<meta name=\"twitter:data1\" content=\"2 minuty\" \/>\n<script type=\"application\/ld+json\" class=\"yoast-schema-graph\">{\"@context\":\"https:\/\/schema.org\",\"@graph\":[{\"@type\":\"WebPage\",\"@id\":\"https:\/\/fundacjaskrzydla.org\/?page_id=54\",\"url\":\"https:\/\/fundacjaskrzydla.org\/?page_id=54\",\"name\":\"O NAS - Fundacja Skrzyd\u0142a dla Edukacji\",\"isPartOf\":{\"@id\":\"https:\/\/fundacjaskrzydla.org\/#website\"},\"datePublished\":\"2025-05-19T11:50:37+00:00\",\"dateModified\":\"2026-04-01T08:43:12+00:00\",\"breadcrumb\":{\"@id\":\"https:\/\/fundacjaskrzydla.org\/?page_id=54#breadcrumb\"},\"inLanguage\":\"pl-PL\",\"potentialAction\":[{\"@type\":\"ReadAction\",\"target\":[\"https:\/\/fundacjaskrzydla.org\/?page_id=54\"]}]},{\"@type\":\"BreadcrumbList\",\"@id\":\"https:\/\/fundacjaskrzydla.org\/?page_id=54#breadcrumb\",\"itemListElement\":[{\"@type\":\"ListItem\",\"position\":1,\"name\":\"Strona g\u0142\u00f3wna\",\"item\":\"https:\/\/fundacjaskrzydla.org\/\"},{\"@type\":\"ListItem\",\"position\":2,\"name\":\"O NAS\"}]},{\"@type\":\"WebSite\",\"@id\":\"https:\/\/fundacjaskrzydla.org\/#website\",\"url\":\"https:\/\/fundacjaskrzydla.org\/\",\"name\":\"Fundacja Skrzyd\u0142a dla Edukacji\",\"description\":\"\",\"publisher\":{\"@id\":\"https:\/\/fundacjaskrzydla.org\/#organization\"},\"potentialAction\":[{\"@type\":\"SearchAction\",\"target\":{\"@type\":\"EntryPoint\",\"urlTemplate\":\"https:\/\/fundacjaskrzydla.org\/?s={search_term_string}\"},\"query-input\":{\"@type\":\"PropertyValueSpecification\",\"valueRequired\":true,\"valueName\":\"search_term_string\"}}],\"inLanguage\":\"pl-PL\"},{\"@type\":\"Organization\",\"@id\":\"https:\/\/fundacjaskrzydla.org\/#organization\",\"name\":\"Fundacja Skrzyd\u0142a dla Edukacji\",\"url\":\"https:\/\/fundacjaskrzydla.org\/\",\"logo\":{\"@type\":\"ImageObject\",\"inLanguage\":\"pl-PL\",\"@id\":\"https:\/\/fundacjaskrzydla.org\/#\/schema\/logo\/image\/\",\"url\":\"https:\/\/fundacjaskrzydla.org\/wp-content\/uploads\/2025\/05\/01-Skrzydla-Fundacja-logo-09-1-edited-1.png\",\"contentUrl\":\"https:\/\/fundacjaskrzydla.org\/wp-content\/uploads\/2025\/05\/01-Skrzydla-Fundacja-logo-09-1-edited-1.png\",\"width\":883,\"height\":392,\"caption\":\"Fundacja Skrzyd\u0142a dla Edukacji\"},\"image\":{\"@id\":\"https:\/\/fundacjaskrzydla.org\/#\/schema\/logo\/image\/\"}}]}<\/script>\n<!-- \/ Yoast SEO plugin. -->","yoast_head_json":{"title":"O NAS - Fundacja Skrzyd\u0142a dla Edukacji","robots":{"index":"index","follow":"follow","max-snippet":"max-snippet:-1","max-image-preview":"max-image-preview:large","max-video-preview":"max-video-preview:-1"},"canonical":"https:\/\/fundacjaskrzydla.org\/?page_id=54","og_locale":"pl_PL","og_type":"article","og_title":"O NAS - Fundacja Skrzyd\u0142a dla Edukacji","og_description":"Kim jeste\u015bmy? Fundacja Skrzyd\u0142a dla Edukacji powo\u0142ana zosta\u0142a w maju 2010 r. przez grup\u0119 sze\u015bciu ma\u0142\u017ce\u0144stw chc\u0105cych stworzy\u0107&nbsp;przyjazne \u015brodowisko do wzrastania dla dzieci i ca\u0142ych rodzin.&nbsp; Podstawowym zadaniem fundacji jest wsparcie rodzic\u00f3w w edukacji i wychowaniu dzieci i m\u0142odzie\u017cy. Cel ten realizujemy prowadz\u0105c Szko\u0142\u0119 Podstawow\u0105, Liceum Og\u00f3lnokszta\u0142c\u0105ce oraz Poradni\u0119 Psychologiczno-Pedagogiczn\u0105 SKRZYD\u0141A. Corocznie organizujemy r\u00f3wnie\u017c atrakcyjny [&hellip;]","og_url":"https:\/\/fundacjaskrzydla.org\/?page_id=54","og_site_name":"Fundacja Skrzyd\u0142a dla Edukacji","article_modified_time":"2026-04-01T08:43:12+00:00","twitter_card":"summary_large_image","twitter_misc":{"Szacowany czas czytania":"2 minuty"},"schema":{"@context":"https:\/\/schema.org","@graph":[{"@type":"WebPage","@id":"https:\/\/fundacjaskrzydla.org\/?page_id=54","url":"https:\/\/fundacjaskrzydla.org\/?page_id=54","name":"O NAS - Fundacja Skrzyd\u0142a dla Edukacji","isPartOf":{"@id":"https:\/\/fundacjaskrzydla.org\/#website"},"datePublished":"2025-05-19T11:50:37+00:00","dateModified":"2026-04-01T08:43:12+00:00","breadcrumb":{"@id":"https:\/\/fundacjaskrzydla.org\/?page_id=54#breadcrumb"},"inLanguage":"pl-PL","potentialAction":[{"@type":"ReadAction","target":["https:\/\/fundacjaskrzydla.org\/?page_id=54"]}]},{"@type":"BreadcrumbList","@id":"https:\/\/fundacjaskrzydla.org\/?page_id=54#breadcrumb","itemListElement":[{"@type":"ListItem","position":1,"name":"Strona g\u0142\u00f3wna","item":"https:\/\/fundacjaskrzydla.org\/"},{"@type":"ListItem","position":2,"name":"O NAS"}]},{"@type":"WebSite","@id":"https:\/\/fundacjaskrzydla.org\/#website","url":"https:\/\/fundacjaskrzydla.org\/","name":"Fundacja Skrzyd\u0142a dla Edukacji","description":"","publisher":{"@id":"https:\/\/fundacjaskrzydla.org\/#organization"},"potentialAction":[{"@type":"SearchAction","target":{"@type":"EntryPoint","urlTemplate":"https:\/\/fundacjaskrzydla.org\/?s={search_term_string}"},"query-input":{"@type":"PropertyValueSpecification","valueRequired":true,"valueName":"search_term_string"}}],"inLanguage":"pl-PL"},{"@type":"Organization","@id":"https:\/\/fundacjaskrzydla.org\/#organization","name":"Fundacja Skrzyd\u0142a dla Edukacji","url":"https:\/\/fundacjaskrzydla.org\/","logo":{"@type":"ImageObject","inLanguage":"pl-PL","@id":"https:\/\/fundacjaskrzydla.org\/#\/schema\/logo\/image\/","url":"https:\/\/fundacjaskrzydla.org\/wp-content\/uploads\/2025\/05\/01-Skrzydla-Fundacja-logo-09-1-edited-1.png","contentUrl":"https:\/\/fundacjaskrzydla.org\/wp-content\/uploads\/2025\/05\/01-Skrzydla-Fundacja-logo-09-1-edited-1.png","width":883,"height":392,"caption":"Fundacja Skrzyd\u0142a dla Edukacji"},"image":{"@id":"https:\/\/fundacjaskrzydla.org\/#\/schema\/logo\/image\/"}}]}},"_links":{"self":[{"href":"https:\/\/fundacjaskrzydla.org\/index.php?rest_route=\/wp\/v2\/pages\/54","targetHints":{"allow":["GET"]}}],"collection":[{"href":"https:\/\/fundacjaskrzydla.org\/index.php?rest_route=\/wp\/v2\/pages"}],"about":[{"href":"https:\/\/fundacjaskrzydla.org\/index.php?rest_route=\/wp\/v2\/types\/page"}],"author":[{"embeddable":true,"href":"https:\/\/fundacjaskrzydla.org\/index.php?rest_route=\/wp\/v2\/users\/1"}],"replies":[{"embeddable":true,"href":"https:\/\/fundacjaskrzydla.org\/index.php?rest_route=%2Fwp%2Fv2%2Fcomments&post=54"}],"version-history":[{"count":14,"href":"https:\/\/fundacjaskrzydla.org\/index.php?rest_route=\/wp\/v2\/pages\/54\/revisions"}],"predecessor-version":[{"id":304,"href":"https:\/\/fundacjaskrzydla.org\/index.php?rest_route=\/wp\/v2\/pages\/54\/revisions\/304"}],"wp:attachment":[{"href":"https:\/\/fundacjaskrzydla.org\/index.php?rest_route=%2Fwp%2Fv2%2Fmedia&parent=54"}],"curies":[{"name":"wp","href":"https:\/\/api.w.org\/{rel}","templated":true}]}}