{"id":51,"date":"2025-05-20T13:39:31","date_gmt":"2025-05-20T11:39:31","guid":{"rendered":"https:\/\/fundacjaskrzydla.org\/?page_id=51"},"modified":"2025-11-12T13:26:45","modified_gmt":"2025-11-12T12:26:45","slug":"projekty","status":"publish","type":"page","link":"https:\/\/fundacjaskrzydla.org\/?page_id=51","title":{"rendered":"PROJEKTY"},"content":{"rendered":"\n<div class=\"wp-block-group alignfull has-surface-background-color has-background is-content-justification-center is-nowrap is-layout-flex wp-container-core-group-is-layout-7f990626 wp-block-group-is-layout-flex\" style=\"padding-top:var(--wp--preset--spacing--large);padding-right:var(--wp--preset--spacing--x-small);padding-bottom:var(--wp--preset--spacing--x-large);padding-left:var(--wp--preset--spacing--x-small)\">\n<div class=\"wp-block-columns is-layout-flex wp-container-core-columns-is-layout-867d1d8d wp-block-columns-is-layout-flex\">\n<div class=\"wp-block-column is-layout-flow wp-block-column-is-layout-flow\">\n<div class=\"wp-block-columns is-layout-flex wp-container-core-columns-is-layout-28f84493 wp-block-columns-is-layout-flex\">\n<div class=\"wp-block-column is-layout-flow wp-block-column-is-layout-flow\">\n<figure class=\"wp-block-gallery aligncenter has-nested-images columns-default is-cropped wp-block-gallery-1 is-layout-flex wp-block-gallery-is-layout-flex\">\n<figure class=\"wp-block-image size-full has-custom-border\"><img loading=\"lazy\" decoding=\"async\" width=\"2083\" height=\"2083\" data-id=\"278\" src=\"https:\/\/fundacjaskrzydla.org\/wp-content\/uploads\/2025\/10\/Teachers-Haven_Logo-1.jpg\" alt=\"\" class=\"wp-image-278\" style=\"border-radius:0px\" srcset=\"https:\/\/fundacjaskrzydla.org\/wp-content\/uploads\/2025\/10\/Teachers-Haven_Logo-1.jpg 2083w, https:\/\/fundacjaskrzydla.org\/wp-content\/uploads\/2025\/10\/Teachers-Haven_Logo-1-300x300.jpg 300w, https:\/\/fundacjaskrzydla.org\/wp-content\/uploads\/2025\/10\/Teachers-Haven_Logo-1-1024x1024.jpg 1024w, https:\/\/fundacjaskrzydla.org\/wp-content\/uploads\/2025\/10\/Teachers-Haven_Logo-1-150x150.jpg 150w, https:\/\/fundacjaskrzydla.org\/wp-content\/uploads\/2025\/10\/Teachers-Haven_Logo-1-768x768.jpg 768w, https:\/\/fundacjaskrzydla.org\/wp-content\/uploads\/2025\/10\/Teachers-Haven_Logo-1-1536x1536.jpg 1536w, https:\/\/fundacjaskrzydla.org\/wp-content\/uploads\/2025\/10\/Teachers-Haven_Logo-1-2048x2048.jpg 2048w\" sizes=\"auto, (max-width: 2083px) 100vw, 2083px\" \/><\/figure>\n<\/figure>\n<\/div>\n<\/div>\n<\/div>\n\n\n\n<div class=\"wp-block-column is-vertically-aligned-center is-layout-flow wp-container-core-column-is-layout-c39a6912 wp-block-column-is-layout-flow\">\n<h3 class=\"wp-block-heading\"><strong><strong>Teachers HAVEN Academy \u2013 Akademia Dobrostanu Nauczycieli<\/strong><\/strong><\/h3>\n\n\n\n<p class=\"has-small-font-size\">Teachers HAVEN Academy to mi\u0119dzynarodowy projekt partnerski, kt\u00f3rego g\u0142\u00f3wnym celem jest wsparcie nauczycieli w rozwijaniu kompetencji psychospo\u0142ecznych, budowaniu odporno\u015bci i dobrostanu zawodowego oraz podnoszeniu jako\u015bci edukacji poprzez innowacyjne programy szkoleniowe i wymian\u0119 dobrych praktyk.<\/p>\n\n\n\n<p class=\"has-small-font-size\">Szczeg\u00f3\u0142y na <a href=\"https:\/\/teachers.learniqhub.eu\/\">teachers.learniqhub.eu\/<\/a><\/p>\n\n\n\n<p class=\"has-small-font-size\"><\/p>\n\n\n\n<p class=\"has-small-font-size\">Czas trwania: 01.04.2025 &#8211; 31.03.2028<\/p>\n\n\n\n<p class=\"has-x-small-font-size\"><\/p>\n<\/div>\n<\/div>\n<\/div>\n\n\n\n<div class=\"wp-block-group alignfull has-accent-text-background-color has-background is-content-justification-center is-nowrap is-layout-flex wp-container-core-group-is-layout-7f990626 wp-block-group-is-layout-flex\" style=\"padding-top:var(--wp--preset--spacing--large);padding-right:var(--wp--preset--spacing--x-small);padding-bottom:var(--wp--preset--spacing--x-large);padding-left:var(--wp--preset--spacing--x-small)\">\n<div class=\"wp-block-columns is-layout-flex wp-container-core-columns-is-layout-867d1d8d wp-block-columns-is-layout-flex\">\n<div class=\"wp-block-column is-layout-flow wp-block-column-is-layout-flow\">\n<div class=\"wp-block-columns is-layout-flex wp-container-core-columns-is-layout-28f84493 wp-block-columns-is-layout-flex\">\n<div class=\"wp-block-column is-layout-flow wp-block-column-is-layout-flow\">\n<figure class=\"wp-block-image aligncenter size-full has-custom-border\"><img loading=\"lazy\" decoding=\"async\" width=\"2560\" height=\"1709\" src=\"https:\/\/fundacjaskrzydla.org\/wp-content\/uploads\/2025\/05\/family-painting-floor-scaled.jpg\" alt=\"\" class=\"wp-image-168\" style=\"border-radius:0px\" srcset=\"https:\/\/fundacjaskrzydla.org\/wp-content\/uploads\/2025\/05\/family-painting-floor-scaled.jpg 2560w, https:\/\/fundacjaskrzydla.org\/wp-content\/uploads\/2025\/05\/family-painting-floor-300x200.jpg 300w, https:\/\/fundacjaskrzydla.org\/wp-content\/uploads\/2025\/05\/family-painting-floor-1024x683.jpg 1024w, https:\/\/fundacjaskrzydla.org\/wp-content\/uploads\/2025\/05\/family-painting-floor-768x513.jpg 768w, https:\/\/fundacjaskrzydla.org\/wp-content\/uploads\/2025\/05\/family-painting-floor-1536x1025.jpg 1536w, https:\/\/fundacjaskrzydla.org\/wp-content\/uploads\/2025\/05\/family-painting-floor-2048x1367.jpg 2048w\" sizes=\"auto, (max-width: 2560px) 100vw, 2560px\" \/><\/figure>\n<\/div>\n<\/div>\n<\/div>\n\n\n\n<div class=\"wp-block-column is-vertically-aligned-center is-layout-flow wp-container-core-column-is-layout-c39a6912 wp-block-column-is-layout-flow\">\n<h3 class=\"wp-block-heading\"><strong>Szko\u0142a dla Rodzic\u00f3w i Wychowawc\u00f3w cz. I<\/strong><\/h3>\n\n\n\n<p class=\"has-small-font-size\">Szko\u0142a dla Rodzic\u00f3w i Wychowawc\u00f3w (cz\u0119\u015b\u0107 I) to program spotka\u0144 dla ka\u017cdego, kto szuka sposobu na nawi\u0105zanie g\u0142\u0119bszych relacji zar\u00f3wno z dzie\u0107mi jak i w rodzinie. Jego g\u0142\u00f3wnym celem jest wspieranie rodzic\u00f3w i wychowawc\u00f3w w radzeniu sobie w codziennych kontaktach z dzie\u0107mi i m\u0142odzie\u017c\u0105. Nauka umiej\u0119tno\u015bci lepszego porozumiewania si\u0119, refleksja nad w\u0142asn\u0105 postaw\u0105 wychowawcz\u0105, wymiana do\u015bwiadcze\u0144, to ma\u0142e kroki ku g\u0142\u0119bszej relacji, daj\u0105cej zadowolenie, poczucie wzajemnej blisko\u015bci. To tak\u017ce nauka dialogu i kszta\u0142towanie wi\u0119zi opartych na wzajemnym szacunku.<\/p>\n\n\n\n<p class=\"has-small-font-size\">Tw\u00f3rcy programu najwi\u0119kszy nacisk k\u0142ad\u0105 na komunikacj\u0119, a tak\u017ce na umiej\u0119tno\u015b\u0107 ws\u0142uchiwania si\u0119 w siebie i innych.<\/p>\n\n\n\n<p class=\"has-small-font-size\">Program profilaktyki uniwersalnej Szko\u0142a dla Rodzic\u00f3w i Wychowawc\u00f3w cz\u0119\u015b\u0107 I ukierunkowany jest na zwi\u0119kszenie kompetencji wychowawczych rodzic\u00f3w oraz wychowawc\u00f3w i nauczycieli pracuj\u0105cych z dzie\u0107mi i m\u0142odzie\u017c\u0105.<\/p>\n\n\n\n<p class=\"has-small-font-size\">Czas trwania: marzec &#8211; wrzesie\u0144 2025<\/p>\n\n\n\n<p class=\"has-x-small-font-size\">Realizacje powierzonego dzia\u0142ania sfinansowano ze \u015brodk\u00f3w Gminnego Programu Profilaktyki i Rozwi\u0105zywania Problem\u00f3w Alkoholowych oraz Przeciwdzia\u0142ania Narkomanii dla Miasta Lublin na lata 2024 &#8211; 2026<\/p>\n<\/div>\n<\/div>\n<\/div>\n\n\n\n<div class=\"wp-block-group alignfull has-surface-background-color has-background is-content-justification-center is-nowrap is-layout-flex wp-container-core-group-is-layout-7f990626 wp-block-group-is-layout-flex\" style=\"padding-top:var(--wp--preset--spacing--large);padding-right:var(--wp--preset--spacing--x-small);padding-bottom:var(--wp--preset--spacing--x-large);padding-left:var(--wp--preset--spacing--x-small)\">\n<div class=\"wp-block-columns is-layout-flex wp-container-core-columns-is-layout-867d1d8d wp-block-columns-is-layout-flex\">\n<div class=\"wp-block-column is-layout-flow wp-block-column-is-layout-flow\">\n<div class=\"wp-block-columns is-layout-flex wp-container-core-columns-is-layout-28f84493 wp-block-columns-is-layout-flex\">\n<div class=\"wp-block-column is-layout-flow wp-block-column-is-layout-flow\">\n<figure class=\"wp-block-image aligncenter size-full has-custom-border\"><img loading=\"lazy\" decoding=\"async\" width=\"2560\" height=\"1948\" src=\"https:\/\/fundacjaskrzydla.org\/wp-content\/uploads\/2025\/05\/back-view-women-holding-each-other-scaled.jpg\" alt=\"\" class=\"wp-image-169\" style=\"border-radius:0px\" srcset=\"https:\/\/fundacjaskrzydla.org\/wp-content\/uploads\/2025\/05\/back-view-women-holding-each-other-scaled.jpg 2560w, https:\/\/fundacjaskrzydla.org\/wp-content\/uploads\/2025\/05\/back-view-women-holding-each-other-300x228.jpg 300w, https:\/\/fundacjaskrzydla.org\/wp-content\/uploads\/2025\/05\/back-view-women-holding-each-other-1024x779.jpg 1024w, https:\/\/fundacjaskrzydla.org\/wp-content\/uploads\/2025\/05\/back-view-women-holding-each-other-768x584.jpg 768w, https:\/\/fundacjaskrzydla.org\/wp-content\/uploads\/2025\/05\/back-view-women-holding-each-other-1536x1169.jpg 1536w, https:\/\/fundacjaskrzydla.org\/wp-content\/uploads\/2025\/05\/back-view-women-holding-each-other-2048x1558.jpg 2048w\" sizes=\"auto, (max-width: 2560px) 100vw, 2560px\" \/><\/figure>\n<\/div>\n<\/div>\n<\/div>\n\n\n\n<div class=\"wp-block-column is-vertically-aligned-center is-layout-flow wp-container-core-column-is-layout-c39a6912 wp-block-column-is-layout-flow\">\n<h3 class=\"wp-block-heading\"><strong><strong>Realizacja dzia\u0142a\u0144 profilaktycznych po\u0142\u0105czonych z pozalekcyjnymi zaj\u0119ciami rekreacyjno-sportowymi dla dzieci i m\u0142odzie\u017cy.<\/strong><\/strong><\/h3>\n\n\n\n<p class=\"has-small-font-size\">Projekt obejmuje dodatkowe zaj\u0119cia rekreacyjno-sportowe w formie \u015bcianki wspinaczkowej oraz zaj\u0119cia profilaktyczne \u201eApteczka Pierwszej Pomocy Emocjonalnej\u201d.<\/p>\n\n\n\n<p class=\"has-small-font-size\">Zaj\u0119cia wspinaczkowe maj\u0105 form\u0119 \u0107wicze\u0144 og\u00f3lnorozwojowych, rozci\u0105gaj\u0105cych, wytrzyma\u0142o\u015bciowych. Prowadzone s\u0105 w postaci zabaw i konkurs\u00f3w, co przyci\u0105ga zainteresowanie dzieci i m\u0142odzie\u017cy. Wa\u017cnym elementem, kt\u00f3ry wp\u0142ywa na atrakcyjno\u015b\u0107 tej dyscypliny jest dla wielu os\u00f3b osi\u0105gni\u0119ty rekord \u015bwiata na olimpiadzie w Pary\u017cu. To sprawi\u0142o, \u017ce w\u015br\u00f3d dzieci i m\u0142odzie\u017cy zainteresowanie t\u0105 dyscyplin\u0105 wzros\u0142o i bardzo ch\u0119tnie wybieraj\u0105 ten sport chc\u0105c upodobni\u0107 si\u0119 do medalistki.<\/p>\n\n\n\n<p class=\"has-small-font-size\">Organizowane zaj\u0119cia rekreacyjno-sportowe maj\u0105 na celu wszechstronny rozw\u00f3j sprawno\u015bci fizycznej i umys\u0142owej. Trener zaanga\u017cowany w prowadzenie zaj\u0119\u0107 stanowi wsparcie dla uczestnik\u00f3w projektu, promuje postawy trze\u017awo\u015bci, tak poprowadzi zaj\u0119cia, aby by\u0142 to dla uczestnik\u00f3w czas atrakcyjny, pozwalaj\u0105cy na roz\u0142adowanie napi\u0119cia zwi\u0105zanego z pobytem w szkole. Zaj\u0119cia odwo\u0142uj\u0105 si\u0119 do strategii profilaktycznych, zach\u0119caj\u0105c do \u017cycia bez konieczno\u015bci si\u0119gania po u\u017cywki. Zaj\u0119cia wp\u0142yn\u0105 r\u00f3wnie\u017c na podniesienie samooceny u dzieci.<\/p>\n\n\n\n<p class=\"has-x-small-font-size\">Czas trwania: marzec &#8211; listopad 2025r. Projekt dofinansowany ze \u015brodk\u00f3w Wydzia\u0142u Zdrowia Urz\u0119du Miasta Lublin<\/p>\n<\/div>\n<\/div>\n<\/div>\n\n\n\n<div class=\"wp-block-group alignfull has-accent-text-background-color has-background is-content-justification-center is-nowrap is-layout-flex wp-container-core-group-is-layout-7f990626 wp-block-group-is-layout-flex\" style=\"padding-top:var(--wp--preset--spacing--large);padding-right:var(--wp--preset--spacing--x-small);padding-bottom:var(--wp--preset--spacing--x-large);padding-left:var(--wp--preset--spacing--x-small)\">\n<div class=\"wp-block-columns is-layout-flex wp-container-core-columns-is-layout-867d1d8d wp-block-columns-is-layout-flex\">\n<div class=\"wp-block-column is-layout-flow wp-block-column-is-layout-flow\">\n<div class=\"wp-block-columns is-layout-flex wp-container-core-columns-is-layout-28f84493 wp-block-columns-is-layout-flex\">\n<div class=\"wp-block-column is-layout-flow wp-block-column-is-layout-flow\">\n<figure class=\"wp-block-image aligncenter size-full has-custom-border\"><img loading=\"lazy\" decoding=\"async\" width=\"2560\" height=\"1707\" src=\"https:\/\/fundacjaskrzydla.org\/wp-content\/uploads\/2025\/05\/medium-shot-smiley-girl-teacher-inside-scaled.jpg\" alt=\"\" class=\"wp-image-171\" style=\"border-radius:0px\" srcset=\"https:\/\/fundacjaskrzydla.org\/wp-content\/uploads\/2025\/05\/medium-shot-smiley-girl-teacher-inside-scaled.jpg 2560w, https:\/\/fundacjaskrzydla.org\/wp-content\/uploads\/2025\/05\/medium-shot-smiley-girl-teacher-inside-300x200.jpg 300w, https:\/\/fundacjaskrzydla.org\/wp-content\/uploads\/2025\/05\/medium-shot-smiley-girl-teacher-inside-1024x683.jpg 1024w, https:\/\/fundacjaskrzydla.org\/wp-content\/uploads\/2025\/05\/medium-shot-smiley-girl-teacher-inside-768x512.jpg 768w, https:\/\/fundacjaskrzydla.org\/wp-content\/uploads\/2025\/05\/medium-shot-smiley-girl-teacher-inside-1536x1024.jpg 1536w, https:\/\/fundacjaskrzydla.org\/wp-content\/uploads\/2025\/05\/medium-shot-smiley-girl-teacher-inside-2048x1365.jpg 2048w\" sizes=\"auto, (max-width: 2560px) 100vw, 2560px\" \/><\/figure>\n<\/div>\n<\/div>\n<\/div>\n\n\n\n<div class=\"wp-block-column is-vertically-aligned-center is-layout-flow wp-container-core-column-is-layout-c39a6912 wp-block-column-is-layout-flow\">\n<h3 class=\"wp-block-heading\"><strong><strong>Tutoring szkolny &#8211; program pedagogiki dialogu<\/strong><\/strong><\/h3>\n\n\n\n<p class=\"has-small-font-size\">Tutoring to forma indywidualnej pracy z uczniami maj\u0105ca na celu wzrost ich wiary we w\u0142asne mo\u017cliwo\u015bci, do\u015bwiadczenie przez nich poczucia sprawczo\u015bci i odpowiedzialno\u015bci oraz zwi\u0119kszenie poczucia bezpiecze\u0144stwa w szkole. Program zak\u0142ada popraw\u0119 relacji pomi\u0119dzy uczniami oraz rozwijanie kompetencji wychowawczych w\u015br\u00f3d nauczycieli.<\/p>\n\n\n\n<p class=\"has-small-font-size\">W ramach zadania przeszkoleni nauczyciele, prowadz\u0105 indywidualne zaj\u0119cia z uczniami (tutoriale). Zaj\u0119cia te maj\u0105 na celu rozw\u00f3j samodzielno\u015bci, odpowiedzialno\u015bci \u017cyciowej i autonomii uczni\u00f3w. Pozwalaj\u0105 r\u00f3wnie\u017c na przyj\u0119cie przez nich odpowiedzialno\u015bci za proces w\u0142asnego rozwoju i uczenia si\u0119. Nauczyciel-tutor przyjmuje w tym przypadku rol\u0119 osobistego opiekuna, kt\u00f3ry ukierunkowuje ucznia i wspiera go w r\u00f3\u017cnych sytuacjach.<\/p>\n\n\n\n<p class=\"has-small-font-size\">Czas trwania projektu: kwiecie\u0144 \u2013 grudzie\u0144 2025<\/p>\n\n\n\n<p class=\"has-x-small-font-size\">Projekt dofinansowany ze \u015brodk\u00f3w Wojew\u00f3dztwa Lubelskiego \/ Regionalny O\u015brodek Polityki Spo\u0142ecznej w Lublinie<\/p>\n<\/div>\n<\/div>\n<\/div>\n\n\n\n<p><\/p>\n","protected":false},"excerpt":{"rendered":"<p>Teachers HAVEN Academy \u2013 Akademia Dobrostanu Nauczycieli Teachers HAVEN Academy to mi\u0119dzynarodowy projekt partnerski, kt\u00f3rego g\u0142\u00f3wnym celem jest wsparcie nauczycieli w rozwijaniu kompetencji psychospo\u0142ecznych, budowaniu odporno\u015bci i dobrostanu zawodowego oraz podnoszeniu jako\u015bci edukacji poprzez innowacyjne programy szkoleniowe i wymian\u0119 dobrych praktyk. Szczeg\u00f3\u0142y na teachers.learniqhub.eu\/ Czas trwania: 01.04.2025 &#8211; 31.03.2028 Szko\u0142a dla Rodzic\u00f3w i Wychowawc\u00f3w cz. [&hellip;]<\/p>\n","protected":false},"author":1,"featured_media":0,"parent":0,"menu_order":0,"comment_status":"closed","ping_status":"closed","template":"","meta":{"footnotes":""},"class_list":["post-51","page","type-page","status-publish","hentry"],"yoast_head":"<!-- This site is optimized with the Yoast SEO plugin v26.3 - https:\/\/yoast.com\/wordpress\/plugins\/seo\/ -->\n<title>PROJEKTY - Fundacja Skrzyd\u0142a dla Edukacji<\/title>\n<meta name=\"description\" content=\"Teachers HAVEN Academy \u2013 Akademia Dobrostanu NauczycieliTeachers HAVEN Academy to mi\u0119dzynarodowy projekt partnerski, kt\u00f3rego g\u0142\u00f3wnym celem jest wsparcie nauczycieli w rozwijaniu kompetencji psychospo\u0142ecznych, budowaniu odporno\u015bci i dobrostanu zawodowego oraz podnoszeniu jako\u015bci edukacji poprzez innowacyjne programy szkoleniowe i wymian\u0119 dobrych praktyk.Szczeg\u00f3\u0142y na teachers.learniqhub.eu\/\" \/>\n<meta name=\"robots\" content=\"index, follow, max-snippet:-1, max-image-preview:large, max-video-preview:-1\" \/>\n<link rel=\"canonical\" href=\"https:\/\/fundacjaskrzydla.org\/?page_id=51\" \/>\n<meta property=\"og:locale\" content=\"pl_PL\" \/>\n<meta property=\"og:type\" content=\"article\" \/>\n<meta property=\"og:title\" content=\"PROJEKTY - Fundacja Skrzyd\u0142a dla Edukacji\" \/>\n<meta property=\"og:description\" content=\"Teachers HAVEN Academy \u2013 Akademia Dobrostanu NauczycieliTeachers HAVEN Academy to mi\u0119dzynarodowy projekt partnerski, kt\u00f3rego g\u0142\u00f3wnym celem jest wsparcie nauczycieli w rozwijaniu kompetencji psychospo\u0142ecznych, budowaniu odporno\u015bci i dobrostanu zawodowego oraz podnoszeniu jako\u015bci edukacji poprzez innowacyjne programy szkoleniowe i wymian\u0119 dobrych praktyk.Szczeg\u00f3\u0142y na teachers.learniqhub.eu\/\" \/>\n<meta property=\"og:url\" content=\"https:\/\/fundacjaskrzydla.org\/?page_id=51\" \/>\n<meta property=\"og:site_name\" content=\"Fundacja Skrzyd\u0142a dla Edukacji\" \/>\n<meta property=\"article:modified_time\" content=\"2025-11-12T12:26:45+00:00\" \/>\n<meta property=\"og:image\" content=\"https:\/\/fundacjaskrzydla.org\/wp-content\/uploads\/2025\/10\/Teachers-Haven_Logo-1.jpg\" \/>\n\t<meta property=\"og:image:width\" content=\"2083\" \/>\n\t<meta property=\"og:image:height\" content=\"2083\" \/>\n\t<meta property=\"og:image:type\" content=\"image\/jpeg\" \/>\n<meta name=\"twitter:card\" content=\"summary_large_image\" \/>\n<meta name=\"twitter:label1\" content=\"Szacowany czas czytania\" \/>\n\t<meta name=\"twitter:data1\" content=\"4 minuty\" \/>\n<script type=\"application\/ld+json\" class=\"yoast-schema-graph\">{\"@context\":\"https:\/\/schema.org\",\"@graph\":[{\"@type\":\"WebPage\",\"@id\":\"https:\/\/fundacjaskrzydla.org\/?page_id=51\",\"url\":\"https:\/\/fundacjaskrzydla.org\/?page_id=51\",\"name\":\"PROJEKTY - Fundacja Skrzyd\u0142a dla Edukacji\",\"isPartOf\":{\"@id\":\"https:\/\/fundacjaskrzydla.org\/#website\"},\"primaryImageOfPage\":{\"@id\":\"https:\/\/fundacjaskrzydla.org\/?page_id=51#primaryimage\"},\"image\":{\"@id\":\"https:\/\/fundacjaskrzydla.org\/?page_id=51#primaryimage\"},\"thumbnailUrl\":\"https:\/\/fundacjaskrzydla.org\/wp-content\/uploads\/2025\/10\/Teachers-Haven_Logo-1.jpg\",\"datePublished\":\"2025-05-20T11:39:31+00:00\",\"dateModified\":\"2025-11-12T12:26:45+00:00\",\"description\":\"Teachers HAVEN Academy \u2013 Akademia Dobrostanu NauczycieliTeachers HAVEN Academy to mi\u0119dzynarodowy projekt partnerski, kt\u00f3rego g\u0142\u00f3wnym celem jest wsparcie nauczycieli w rozwijaniu kompetencji psychospo\u0142ecznych, budowaniu odporno\u015bci i dobrostanu zawodowego oraz podnoszeniu jako\u015bci edukacji poprzez innowacyjne programy szkoleniowe i wymian\u0119 dobrych praktyk.Szczeg\u00f3\u0142y na teachers.learniqhub.eu\/\",\"breadcrumb\":{\"@id\":\"https:\/\/fundacjaskrzydla.org\/?page_id=51#breadcrumb\"},\"inLanguage\":\"pl-PL\",\"potentialAction\":[{\"@type\":\"ReadAction\",\"target\":[\"https:\/\/fundacjaskrzydla.org\/?page_id=51\"]}]},{\"@type\":\"ImageObject\",\"inLanguage\":\"pl-PL\",\"@id\":\"https:\/\/fundacjaskrzydla.org\/?page_id=51#primaryimage\",\"url\":\"https:\/\/fundacjaskrzydla.org\/wp-content\/uploads\/2025\/10\/Teachers-Haven_Logo-1.jpg\",\"contentUrl\":\"https:\/\/fundacjaskrzydla.org\/wp-content\/uploads\/2025\/10\/Teachers-Haven_Logo-1.jpg\",\"width\":2083,\"height\":2083},{\"@type\":\"BreadcrumbList\",\"@id\":\"https:\/\/fundacjaskrzydla.org\/?page_id=51#breadcrumb\",\"itemListElement\":[{\"@type\":\"ListItem\",\"position\":1,\"name\":\"Strona g\u0142\u00f3wna\",\"item\":\"https:\/\/fundacjaskrzydla.org\/\"},{\"@type\":\"ListItem\",\"position\":2,\"name\":\"PROJEKTY\"}]},{\"@type\":\"WebSite\",\"@id\":\"https:\/\/fundacjaskrzydla.org\/#website\",\"url\":\"https:\/\/fundacjaskrzydla.org\/\",\"name\":\"Fundacja Skrzyd\u0142a dla Edukacji\",\"description\":\"\",\"publisher\":{\"@id\":\"https:\/\/fundacjaskrzydla.org\/#organization\"},\"potentialAction\":[{\"@type\":\"SearchAction\",\"target\":{\"@type\":\"EntryPoint\",\"urlTemplate\":\"https:\/\/fundacjaskrzydla.org\/?s={search_term_string}\"},\"query-input\":{\"@type\":\"PropertyValueSpecification\",\"valueRequired\":true,\"valueName\":\"search_term_string\"}}],\"inLanguage\":\"pl-PL\"},{\"@type\":\"Organization\",\"@id\":\"https:\/\/fundacjaskrzydla.org\/#organization\",\"name\":\"Fundacja Skrzyd\u0142a dla Edukacji\",\"url\":\"https:\/\/fundacjaskrzydla.org\/\",\"logo\":{\"@type\":\"ImageObject\",\"inLanguage\":\"pl-PL\",\"@id\":\"https:\/\/fundacjaskrzydla.org\/#\/schema\/logo\/image\/\",\"url\":\"https:\/\/fundacjaskrzydla.org\/wp-content\/uploads\/2025\/05\/01-Skrzydla-Fundacja-logo-09-1-edited-1.png\",\"contentUrl\":\"https:\/\/fundacjaskrzydla.org\/wp-content\/uploads\/2025\/05\/01-Skrzydla-Fundacja-logo-09-1-edited-1.png\",\"width\":883,\"height\":392,\"caption\":\"Fundacja Skrzyd\u0142a dla Edukacji\"},\"image\":{\"@id\":\"https:\/\/fundacjaskrzydla.org\/#\/schema\/logo\/image\/\"}}]}<\/script>\n<!-- \/ Yoast SEO plugin. -->","yoast_head_json":{"title":"PROJEKTY - Fundacja Skrzyd\u0142a dla Edukacji","description":"Teachers HAVEN Academy \u2013 Akademia Dobrostanu NauczycieliTeachers HAVEN Academy to mi\u0119dzynarodowy projekt partnerski, kt\u00f3rego g\u0142\u00f3wnym celem jest wsparcie nauczycieli w rozwijaniu kompetencji psychospo\u0142ecznych, budowaniu odporno\u015bci i dobrostanu zawodowego oraz podnoszeniu jako\u015bci edukacji poprzez innowacyjne programy szkoleniowe i wymian\u0119 dobrych praktyk.Szczeg\u00f3\u0142y na teachers.learniqhub.eu\/","robots":{"index":"index","follow":"follow","max-snippet":"max-snippet:-1","max-image-preview":"max-image-preview:large","max-video-preview":"max-video-preview:-1"},"canonical":"https:\/\/fundacjaskrzydla.org\/?page_id=51","og_locale":"pl_PL","og_type":"article","og_title":"PROJEKTY - Fundacja Skrzyd\u0142a dla Edukacji","og_description":"Teachers HAVEN Academy \u2013 Akademia Dobrostanu NauczycieliTeachers HAVEN Academy to mi\u0119dzynarodowy projekt partnerski, kt\u00f3rego g\u0142\u00f3wnym celem jest wsparcie nauczycieli w rozwijaniu kompetencji psychospo\u0142ecznych, budowaniu odporno\u015bci i dobrostanu zawodowego oraz podnoszeniu jako\u015bci edukacji poprzez innowacyjne programy szkoleniowe i wymian\u0119 dobrych praktyk.Szczeg\u00f3\u0142y na teachers.learniqhub.eu\/","og_url":"https:\/\/fundacjaskrzydla.org\/?page_id=51","og_site_name":"Fundacja Skrzyd\u0142a dla Edukacji","article_modified_time":"2025-11-12T12:26:45+00:00","og_image":[{"width":2083,"height":2083,"url":"https:\/\/fundacjaskrzydla.org\/wp-content\/uploads\/2025\/10\/Teachers-Haven_Logo-1.jpg","type":"image\/jpeg"}],"twitter_card":"summary_large_image","twitter_misc":{"Szacowany czas czytania":"4 minuty"},"schema":{"@context":"https:\/\/schema.org","@graph":[{"@type":"WebPage","@id":"https:\/\/fundacjaskrzydla.org\/?page_id=51","url":"https:\/\/fundacjaskrzydla.org\/?page_id=51","name":"PROJEKTY - Fundacja Skrzyd\u0142a dla Edukacji","isPartOf":{"@id":"https:\/\/fundacjaskrzydla.org\/#website"},"primaryImageOfPage":{"@id":"https:\/\/fundacjaskrzydla.org\/?page_id=51#primaryimage"},"image":{"@id":"https:\/\/fundacjaskrzydla.org\/?page_id=51#primaryimage"},"thumbnailUrl":"https:\/\/fundacjaskrzydla.org\/wp-content\/uploads\/2025\/10\/Teachers-Haven_Logo-1.jpg","datePublished":"2025-05-20T11:39:31+00:00","dateModified":"2025-11-12T12:26:45+00:00","description":"Teachers HAVEN Academy \u2013 Akademia Dobrostanu NauczycieliTeachers HAVEN Academy to mi\u0119dzynarodowy projekt partnerski, kt\u00f3rego g\u0142\u00f3wnym celem jest wsparcie nauczycieli w rozwijaniu kompetencji psychospo\u0142ecznych, budowaniu odporno\u015bci i dobrostanu zawodowego oraz podnoszeniu jako\u015bci edukacji poprzez innowacyjne programy szkoleniowe i wymian\u0119 dobrych praktyk.Szczeg\u00f3\u0142y na teachers.learniqhub.eu\/","breadcrumb":{"@id":"https:\/\/fundacjaskrzydla.org\/?page_id=51#breadcrumb"},"inLanguage":"pl-PL","potentialAction":[{"@type":"ReadAction","target":["https:\/\/fundacjaskrzydla.org\/?page_id=51"]}]},{"@type":"ImageObject","inLanguage":"pl-PL","@id":"https:\/\/fundacjaskrzydla.org\/?page_id=51#primaryimage","url":"https:\/\/fundacjaskrzydla.org\/wp-content\/uploads\/2025\/10\/Teachers-Haven_Logo-1.jpg","contentUrl":"https:\/\/fundacjaskrzydla.org\/wp-content\/uploads\/2025\/10\/Teachers-Haven_Logo-1.jpg","width":2083,"height":2083},{"@type":"BreadcrumbList","@id":"https:\/\/fundacjaskrzydla.org\/?page_id=51#breadcrumb","itemListElement":[{"@type":"ListItem","position":1,"name":"Strona g\u0142\u00f3wna","item":"https:\/\/fundacjaskrzydla.org\/"},{"@type":"ListItem","position":2,"name":"PROJEKTY"}]},{"@type":"WebSite","@id":"https:\/\/fundacjaskrzydla.org\/#website","url":"https:\/\/fundacjaskrzydla.org\/","name":"Fundacja Skrzyd\u0142a dla Edukacji","description":"","publisher":{"@id":"https:\/\/fundacjaskrzydla.org\/#organization"},"potentialAction":[{"@type":"SearchAction","target":{"@type":"EntryPoint","urlTemplate":"https:\/\/fundacjaskrzydla.org\/?s={search_term_string}"},"query-input":{"@type":"PropertyValueSpecification","valueRequired":true,"valueName":"search_term_string"}}],"inLanguage":"pl-PL"},{"@type":"Organization","@id":"https:\/\/fundacjaskrzydla.org\/#organization","name":"Fundacja Skrzyd\u0142a dla Edukacji","url":"https:\/\/fundacjaskrzydla.org\/","logo":{"@type":"ImageObject","inLanguage":"pl-PL","@id":"https:\/\/fundacjaskrzydla.org\/#\/schema\/logo\/image\/","url":"https:\/\/fundacjaskrzydla.org\/wp-content\/uploads\/2025\/05\/01-Skrzydla-Fundacja-logo-09-1-edited-1.png","contentUrl":"https:\/\/fundacjaskrzydla.org\/wp-content\/uploads\/2025\/05\/01-Skrzydla-Fundacja-logo-09-1-edited-1.png","width":883,"height":392,"caption":"Fundacja Skrzyd\u0142a dla Edukacji"},"image":{"@id":"https:\/\/fundacjaskrzydla.org\/#\/schema\/logo\/image\/"}}]}},"_links":{"self":[{"href":"https:\/\/fundacjaskrzydla.org\/index.php?rest_route=\/wp\/v2\/pages\/51","targetHints":{"allow":["GET"]}}],"collection":[{"href":"https:\/\/fundacjaskrzydla.org\/index.php?rest_route=\/wp\/v2\/pages"}],"about":[{"href":"https:\/\/fundacjaskrzydla.org\/index.php?rest_route=\/wp\/v2\/types\/page"}],"author":[{"embeddable":true,"href":"https:\/\/fundacjaskrzydla.org\/index.php?rest_route=\/wp\/v2\/users\/1"}],"replies":[{"embeddable":true,"href":"https:\/\/fundacjaskrzydla.org\/index.php?rest_route=%2Fwp%2Fv2%2Fcomments&post=51"}],"version-history":[{"count":22,"href":"https:\/\/fundacjaskrzydla.org\/index.php?rest_route=\/wp\/v2\/pages\/51\/revisions"}],"predecessor-version":[{"id":280,"href":"https:\/\/fundacjaskrzydla.org\/index.php?rest_route=\/wp\/v2\/pages\/51\/revisions\/280"}],"wp:attachment":[{"href":"https:\/\/fundacjaskrzydla.org\/index.php?rest_route=%2Fwp%2Fv2%2Fmedia&parent=51"}],"curies":[{"name":"wp","href":"https:\/\/api.w.org\/{rel}","templated":true}]}}