{"id":100,"date":"2025-05-21T16:01:51","date_gmt":"2025-05-21T14:01:51","guid":{"rendered":"https:\/\/fundacjaskrzydla.org\/?page_id=100"},"modified":"2025-06-27T14:12:23","modified_gmt":"2025-06-27T12:12:23","slug":"kontakt","status":"publish","type":"page","link":"https:\/\/fundacjaskrzydla.org\/?page_id=100","title":{"rendered":"KONTAKT"},"content":{"rendered":"\n<div class=\"wp-block-columns is-layout-flex wp-container-core-columns-is-layout-28f84493 wp-block-columns-is-layout-flex\">\n<div class=\"wp-block-column is-layout-flow wp-block-column-is-layout-flow\" style=\"flex-basis:100%\">\n<div class=\"wp-block-group alignfull has-surface-background-color has-background has-global-padding is-layout-constrained wp-container-core-group-is-layout-68dbccab wp-block-group-is-layout-constrained\" id=\"kontakt-wsparcie\" style=\"margin-top:0;margin-bottom:0;padding-top:var(--wp--preset--spacing--xx-large);padding-right:0;padding-bottom:0;padding-left:0\">\n<div class=\"wp-block-columns has-accent-text-background-color has-background is-layout-flex wp-container-core-columns-is-layout-aa156d88 wp-block-columns-is-layout-flex\" style=\"border-radius:100px;padding-top:var(--wp--preset--spacing--x-large);padding-right:var(--wp--preset--spacing--large);padding-bottom:var(--wp--preset--spacing--x-large);padding-left:var(--wp--preset--spacing--large)\">\n<div class=\"wp-block-column is-layout-flow wp-container-core-column-is-layout-c39a6912 wp-block-column-is-layout-flow\">\n<div class=\"wp-block-columns is-layout-flex wp-container-core-columns-is-layout-28f84493 wp-block-columns-is-layout-flex\">\n<div class=\"wp-block-column is-layout-flow wp-block-column-is-layout-flow\" style=\"flex-basis:25%\"><\/div>\n\n\n\n<div class=\"wp-block-column is-layout-flow wp-block-column-is-layout-flow\" style=\"flex-basis:50%\">\n<h2 class=\"wp-block-heading has-text-align-center\">Skontaktuj si\u0119 z nami!<\/h2>\n<\/div>\n\n\n\n<div class=\"wp-block-column is-layout-flow wp-block-column-is-layout-flow\" style=\"flex-basis:25%\"><\/div>\n<\/div>\n\n\n\n<div class=\"wp-block-columns is-layout-flex wp-container-core-columns-is-layout-ec28aa5d wp-block-columns-is-layout-flex\" style=\"margin-top:var(--wp--preset--spacing--large)\">\n<div class=\"wp-block-column is-layout-flow wp-container-core-column-is-layout-8a368f38 wp-block-column-is-layout-flow\">\n<div class=\"wp-block-group has-surface-background-color has-background has-global-padding is-layout-constrained wp-container-core-group-is-layout-e20e7e2d wp-block-group-is-layout-constrained\" style=\"border-top-left-radius:80px;border-top-right-radius:150px;border-bottom-left-radius:80px;border-bottom-right-radius:100px;padding-top:var(--wp--preset--spacing--large);padding-right:var(--wp--preset--spacing--large);padding-bottom:var(--wp--preset--spacing--large);padding-left:var(--wp--preset--spacing--large)\">\n<p class=\"has-text-align-center has-vivid-purple-color has-text-color has-link-color has-large-font-size wp-elements-7a4fff7992eca51f6e20ebb6c1f43ba4\"><strong>Kontakt<\/strong><\/p>\n\n\n\n<p class=\"has-text-align-left\"><strong>Fundacja SKRZYD\u0141A DLA EDUKACJI<\/strong>&nbsp;<\/p>\n\n\n\n<p class=\"has-text-align-left\">ul. Jutrzenki 24, 20-538 Lublin<\/p>\n\n\n\n<p><strong>Tel. <\/strong>505 965&nbsp;460<\/p>\n\n\n\n<p><strong>Mail:<\/strong> fundacja@skrzydla.lublin.pl<\/p>\n\n\n\n<p>KRS 0000356202;<\/p>\n\n\n\n<p>NIP&nbsp;712-320-92-44<\/p>\n\n\n\n<p class=\"has-text-align-center\">Bank Pekao SA&nbsp;49 1240 5497 1111 0010 7774 5391<\/p>\n<\/div>\n<\/div>\n\n\n\n<div class=\"wp-block-column is-layout-flow wp-container-core-column-is-layout-8a368f38 wp-block-column-is-layout-flow\">\n<div class=\"wp-block-group has-surface-background-color has-background has-global-padding is-layout-constrained wp-container-core-group-is-layout-e20e7e2d wp-block-group-is-layout-constrained\" style=\"border-top-left-radius:150px;border-top-right-radius:80px;border-bottom-left-radius:100px;border-bottom-right-radius:80px;padding-top:var(--wp--preset--spacing--large);padding-right:var(--wp--preset--spacing--large);padding-bottom:var(--wp--preset--spacing--large);padding-left:var(--wp--preset--spacing--large)\">\n<p class=\"has-text-align-center has-secondary-color has-text-color has-link-color has-large-font-size wp-elements-bd81cae4750713e56d09ed4c7a546850\"><strong>Wesprzyj nas<\/strong><\/p>\n\n\n\n<p><strong>DAROWIZNY <\/strong>&#8211; wspom\u00f3\u017c nasze inicjatywy wp\u0142acaj\u0105c darowizn\u0119 na cele statutowe<\/p>\n\n\n\n<p class=\"has-text-align-center\">Bank Pekao SA&nbsp;49 1240 5497 1111 0010 7774 5391<\/p>\n\n\n\n<p class=\"has-text-align-center\"><strong>1,5% dla OPP<\/strong><\/p>\n\n\n\n<p>Dzi\u0119ki wsp\u00f3\u0142pracy z Fundacj\u0105 Rozwoju O\u015bwiaty Lubelskiej mo\u017cesz wesprze\u0107 nasze projekty przekazuj\u0105c 1,5% swojego podatku! Aby takiej pomocy udzieli\u0107, w rocznym rozliczeniu podatkowym nale\u017cy (w miejscu przeznaczonym na dane organizacji po\u017cytku publicznego) wpisa\u0107 <strong>numer KRS 0000311823<\/strong>, a w miejscu na cel szczeg\u00f3\u0142owy: <strong>SKRZYD\u0141A<\/strong><\/p>\n<\/div>\n<\/div>\n<\/div>\n<\/div>\n<\/div>\n\n\n\n<div style=\"height:100px\" aria-hidden=\"true\" class=\"wp-block-spacer\"><\/div>\n<\/div>\n<\/div>\n<\/div>\n","protected":false},"excerpt":{"rendered":"<p>Skontaktuj si\u0119 z nami! Kontakt Fundacja SKRZYD\u0141A DLA EDUKACJI&nbsp; ul. Jutrzenki 24, 20-538 Lublin Tel. 505 965&nbsp;460 Mail: fundacja@skrzydla.lublin.pl KRS 0000356202; NIP&nbsp;712-320-92-44 Bank Pekao SA&nbsp;49 1240 5497 1111 0010 7774 5391 Wesprzyj nas DAROWIZNY &#8211; wspom\u00f3\u017c nasze inicjatywy wp\u0142acaj\u0105c darowizn\u0119 na cele statutowe Bank Pekao SA&nbsp;49 1240 5497 1111 0010 7774 5391 1,5% dla OPP [&hellip;]<\/p>\n","protected":false},"author":1,"featured_media":0,"parent":0,"menu_order":0,"comment_status":"closed","ping_status":"closed","template":"full-width","meta":{"footnotes":""},"class_list":["post-100","page","type-page","status-publish","hentry"],"yoast_head":"<!-- This site is optimized with the Yoast SEO plugin v26.3 - https:\/\/yoast.com\/wordpress\/plugins\/seo\/ -->\n<title>KONTAKT - Fundacja Skrzyd\u0142a dla Edukacji<\/title>\n<meta name=\"robots\" content=\"index, follow, max-snippet:-1, max-image-preview:large, max-video-preview:-1\" \/>\n<link rel=\"canonical\" href=\"https:\/\/fundacjaskrzydla.org\/?page_id=100\" \/>\n<meta property=\"og:locale\" content=\"pl_PL\" \/>\n<meta property=\"og:type\" content=\"article\" \/>\n<meta property=\"og:title\" content=\"KONTAKT - Fundacja Skrzyd\u0142a dla Edukacji\" \/>\n<meta property=\"og:description\" content=\"Skontaktuj si\u0119 z nami! Kontakt Fundacja SKRZYD\u0141A DLA EDUKACJI&nbsp; ul. Jutrzenki 24, 20-538 Lublin Tel. 505 965&nbsp;460 Mail: fundacja@skrzydla.lublin.pl KRS 0000356202; NIP&nbsp;712-320-92-44 Bank Pekao SA&nbsp;49 1240 5497 1111 0010 7774 5391 Wesprzyj nas DAROWIZNY &#8211; wspom\u00f3\u017c nasze inicjatywy wp\u0142acaj\u0105c darowizn\u0119 na cele statutowe Bank Pekao SA&nbsp;49 1240 5497 1111 0010 7774 5391 1,5% dla OPP [&hellip;]\" \/>\n<meta property=\"og:url\" content=\"https:\/\/fundacjaskrzydla.org\/?page_id=100\" \/>\n<meta property=\"og:site_name\" content=\"Fundacja Skrzyd\u0142a dla Edukacji\" \/>\n<meta property=\"article:modified_time\" content=\"2025-06-27T12:12:23+00:00\" \/>\n<meta name=\"twitter:card\" content=\"summary_large_image\" \/>\n<meta name=\"twitter:label1\" content=\"Szacowany czas czytania\" \/>\n\t<meta name=\"twitter:data1\" content=\"1 minuta\" \/>\n<script type=\"application\/ld+json\" class=\"yoast-schema-graph\">{\"@context\":\"https:\/\/schema.org\",\"@graph\":[{\"@type\":\"WebPage\",\"@id\":\"https:\/\/fundacjaskrzydla.org\/?page_id=100\",\"url\":\"https:\/\/fundacjaskrzydla.org\/?page_id=100\",\"name\":\"KONTAKT - Fundacja Skrzyd\u0142a dla Edukacji\",\"isPartOf\":{\"@id\":\"https:\/\/fundacjaskrzydla.org\/#website\"},\"datePublished\":\"2025-05-21T14:01:51+00:00\",\"dateModified\":\"2025-06-27T12:12:23+00:00\",\"breadcrumb\":{\"@id\":\"https:\/\/fundacjaskrzydla.org\/?page_id=100#breadcrumb\"},\"inLanguage\":\"pl-PL\",\"potentialAction\":[{\"@type\":\"ReadAction\",\"target\":[\"https:\/\/fundacjaskrzydla.org\/?page_id=100\"]}]},{\"@type\":\"BreadcrumbList\",\"@id\":\"https:\/\/fundacjaskrzydla.org\/?page_id=100#breadcrumb\",\"itemListElement\":[{\"@type\":\"ListItem\",\"position\":1,\"name\":\"Strona g\u0142\u00f3wna\",\"item\":\"https:\/\/fundacjaskrzydla.org\/\"},{\"@type\":\"ListItem\",\"position\":2,\"name\":\"KONTAKT\"}]},{\"@type\":\"WebSite\",\"@id\":\"https:\/\/fundacjaskrzydla.org\/#website\",\"url\":\"https:\/\/fundacjaskrzydla.org\/\",\"name\":\"Fundacja Skrzyd\u0142a dla Edukacji\",\"description\":\"\",\"publisher\":{\"@id\":\"https:\/\/fundacjaskrzydla.org\/#organization\"},\"potentialAction\":[{\"@type\":\"SearchAction\",\"target\":{\"@type\":\"EntryPoint\",\"urlTemplate\":\"https:\/\/fundacjaskrzydla.org\/?s={search_term_string}\"},\"query-input\":{\"@type\":\"PropertyValueSpecification\",\"valueRequired\":true,\"valueName\":\"search_term_string\"}}],\"inLanguage\":\"pl-PL\"},{\"@type\":\"Organization\",\"@id\":\"https:\/\/fundacjaskrzydla.org\/#organization\",\"name\":\"Fundacja Skrzyd\u0142a dla Edukacji\",\"url\":\"https:\/\/fundacjaskrzydla.org\/\",\"logo\":{\"@type\":\"ImageObject\",\"inLanguage\":\"pl-PL\",\"@id\":\"https:\/\/fundacjaskrzydla.org\/#\/schema\/logo\/image\/\",\"url\":\"https:\/\/fundacjaskrzydla.org\/wp-content\/uploads\/2025\/05\/01-Skrzydla-Fundacja-logo-09-1-edited-1.png\",\"contentUrl\":\"https:\/\/fundacjaskrzydla.org\/wp-content\/uploads\/2025\/05\/01-Skrzydla-Fundacja-logo-09-1-edited-1.png\",\"width\":883,\"height\":392,\"caption\":\"Fundacja Skrzyd\u0142a dla Edukacji\"},\"image\":{\"@id\":\"https:\/\/fundacjaskrzydla.org\/#\/schema\/logo\/image\/\"}}]}<\/script>\n<!-- \/ Yoast SEO plugin. -->","yoast_head_json":{"title":"KONTAKT - Fundacja Skrzyd\u0142a dla Edukacji","robots":{"index":"index","follow":"follow","max-snippet":"max-snippet:-1","max-image-preview":"max-image-preview:large","max-video-preview":"max-video-preview:-1"},"canonical":"https:\/\/fundacjaskrzydla.org\/?page_id=100","og_locale":"pl_PL","og_type":"article","og_title":"KONTAKT - Fundacja Skrzyd\u0142a dla Edukacji","og_description":"Skontaktuj si\u0119 z nami! Kontakt Fundacja SKRZYD\u0141A DLA EDUKACJI&nbsp; ul. Jutrzenki 24, 20-538 Lublin Tel. 505 965&nbsp;460 Mail: fundacja@skrzydla.lublin.pl KRS 0000356202; NIP&nbsp;712-320-92-44 Bank Pekao SA&nbsp;49 1240 5497 1111 0010 7774 5391 Wesprzyj nas DAROWIZNY &#8211; wspom\u00f3\u017c nasze inicjatywy wp\u0142acaj\u0105c darowizn\u0119 na cele statutowe Bank Pekao SA&nbsp;49 1240 5497 1111 0010 7774 5391 1,5% dla OPP [&hellip;]","og_url":"https:\/\/fundacjaskrzydla.org\/?page_id=100","og_site_name":"Fundacja Skrzyd\u0142a dla Edukacji","article_modified_time":"2025-06-27T12:12:23+00:00","twitter_card":"summary_large_image","twitter_misc":{"Szacowany czas czytania":"1 minuta"},"schema":{"@context":"https:\/\/schema.org","@graph":[{"@type":"WebPage","@id":"https:\/\/fundacjaskrzydla.org\/?page_id=100","url":"https:\/\/fundacjaskrzydla.org\/?page_id=100","name":"KONTAKT - Fundacja Skrzyd\u0142a dla Edukacji","isPartOf":{"@id":"https:\/\/fundacjaskrzydla.org\/#website"},"datePublished":"2025-05-21T14:01:51+00:00","dateModified":"2025-06-27T12:12:23+00:00","breadcrumb":{"@id":"https:\/\/fundacjaskrzydla.org\/?page_id=100#breadcrumb"},"inLanguage":"pl-PL","potentialAction":[{"@type":"ReadAction","target":["https:\/\/fundacjaskrzydla.org\/?page_id=100"]}]},{"@type":"BreadcrumbList","@id":"https:\/\/fundacjaskrzydla.org\/?page_id=100#breadcrumb","itemListElement":[{"@type":"ListItem","position":1,"name":"Strona g\u0142\u00f3wna","item":"https:\/\/fundacjaskrzydla.org\/"},{"@type":"ListItem","position":2,"name":"KONTAKT"}]},{"@type":"WebSite","@id":"https:\/\/fundacjaskrzydla.org\/#website","url":"https:\/\/fundacjaskrzydla.org\/","name":"Fundacja Skrzyd\u0142a dla Edukacji","description":"","publisher":{"@id":"https:\/\/fundacjaskrzydla.org\/#organization"},"potentialAction":[{"@type":"SearchAction","target":{"@type":"EntryPoint","urlTemplate":"https:\/\/fundacjaskrzydla.org\/?s={search_term_string}"},"query-input":{"@type":"PropertyValueSpecification","valueRequired":true,"valueName":"search_term_string"}}],"inLanguage":"pl-PL"},{"@type":"Organization","@id":"https:\/\/fundacjaskrzydla.org\/#organization","name":"Fundacja Skrzyd\u0142a dla Edukacji","url":"https:\/\/fundacjaskrzydla.org\/","logo":{"@type":"ImageObject","inLanguage":"pl-PL","@id":"https:\/\/fundacjaskrzydla.org\/#\/schema\/logo\/image\/","url":"https:\/\/fundacjaskrzydla.org\/wp-content\/uploads\/2025\/05\/01-Skrzydla-Fundacja-logo-09-1-edited-1.png","contentUrl":"https:\/\/fundacjaskrzydla.org\/wp-content\/uploads\/2025\/05\/01-Skrzydla-Fundacja-logo-09-1-edited-1.png","width":883,"height":392,"caption":"Fundacja Skrzyd\u0142a dla Edukacji"},"image":{"@id":"https:\/\/fundacjaskrzydla.org\/#\/schema\/logo\/image\/"}}]}},"_links":{"self":[{"href":"https:\/\/fundacjaskrzydla.org\/index.php?rest_route=\/wp\/v2\/pages\/100","targetHints":{"allow":["GET"]}}],"collection":[{"href":"https:\/\/fundacjaskrzydla.org\/index.php?rest_route=\/wp\/v2\/pages"}],"about":[{"href":"https:\/\/fundacjaskrzydla.org\/index.php?rest_route=\/wp\/v2\/types\/page"}],"author":[{"embeddable":true,"href":"https:\/\/fundacjaskrzydla.org\/index.php?rest_route=\/wp\/v2\/users\/1"}],"replies":[{"embeddable":true,"href":"https:\/\/fundacjaskrzydla.org\/index.php?rest_route=%2Fwp%2Fv2%2Fcomments&post=100"}],"version-history":[{"count":3,"href":"https:\/\/fundacjaskrzydla.org\/index.php?rest_route=\/wp\/v2\/pages\/100\/revisions"}],"predecessor-version":[{"id":262,"href":"https:\/\/fundacjaskrzydla.org\/index.php?rest_route=\/wp\/v2\/pages\/100\/revisions\/262"}],"wp:attachment":[{"href":"https:\/\/fundacjaskrzydla.org\/index.php?rest_route=%2Fwp%2Fv2%2Fmedia&parent=100"}],"curies":[{"name":"wp","href":"https:\/\/api.w.org\/{rel}","templated":true}]}}